{"id":406,"date":"2023-11-13T18:44:27","date_gmt":"2023-11-13T16:44:27","guid":{"rendered":"https:\/\/iicbeirut.esteri.it\/?page_id=406"},"modified":"2024-08-29T14:48:42","modified_gmt":"2024-08-29T11:48:42","slug":"esami-ed-attestati","status":"publish","type":"page","link":"https:\/\/iicbeirut.esteri.it\/it\/lingua-e-cultura\/i-corsi-di-lingua\/esami-ed-attestati\/","title":{"rendered":"Prove ed Attestati"},"content":{"rendered":"<p><span class=\"titoloRosso\"><strong>Prove<\/strong><\/span><\/p>\n<p>Durante l\u2019ultima lezione di ogni corso viene proposta una prova scritta, utile allo studente per valutare l&#8217;acquisizione delle competenze.<\/p>\n<p><strong>N.B. <\/strong>Tale prova non ha valore legale.<\/p>\n<p>Si ritiene che lo studente abbia raggiunto un livello per il corso successivo\u00a0 conseguendo il punteggio minimo di 60\/100.<\/p>\n<p>Per accedere alle prove\u00a0 viene di norma richiesta una frequenza minima alle lezioni dell&#8217;80% delle ore totali.<\/p>\n<p><span class=\"titoloRosso\"><br \/>\n<strong>Certificazioni<\/strong><\/span><\/p>\n<p>Presso la sede di Hamra dell\u2019Istituto Italiano di Cultura vengono organizzate le sessioni d\u2019esame per la Certificazione della Lingua Italiana (CILS, in collaborazione con l\u2019Universit\u00e0 per Stranieri di Siena). Per maggiori informazioni su date e livelli delle sessioni, \u00e8 possibile consultare il calendario dell&#8217;Universit\u00e0 cliccando <strong><a href=\"https:\/\/cils.unistrasi.it\/82\/364\/Le_date_degli_esami.htm\" target=\"_blank\" rel=\"noopener\">QUI<\/a><\/strong>. L\u2019organizzazione della sessione d\u2019esame presso l&#8217;IIC \u00e8 subordinata al numero di iscritti che devono essere, per motivi organizzativi, almeno 10.<\/p>\n","protected":false},"excerpt":{"rendered":"Prove Durante l\u2019ultima lezione di ogni corso viene proposta una prova scritta, utile allo studente per valutare l&#8217;acquisizione delle competenze. N.B. Tale prova non ha valore legale. Si ritiene che lo studente abbia raggiunto un livello per il corso successivo\u00a0 conseguendo il punteggio minimo di 60\/100. Per accedere alle prove\u00a0 viene di norma richiesta una [&hellip;]","protected":false},"author":6,"featured_media":0,"parent":42,"menu_order":5,"comment_status":"closed","ping_status":"closed","template":"","meta":{"footnotes":""},"class_list":["post-406","page","type-page","status-publish","hentry"],"_links":{"self":[{"href":"https:\/\/iicbeirut.esteri.it\/it\/wp-json\/wp\/v2\/pages\/406","targetHints":{"allow":["GET"]}}],"collection":[{"href":"https:\/\/iicbeirut.esteri.it\/it\/wp-json\/wp\/v2\/pages"}],"about":[{"href":"https:\/\/iicbeirut.esteri.it\/it\/wp-json\/wp\/v2\/types\/page"}],"author":[{"embeddable":true,"href":"https:\/\/iicbeirut.esteri.it\/it\/wp-json\/wp\/v2\/users\/6"}],"replies":[{"embeddable":true,"href":"https:\/\/iicbeirut.esteri.it\/it\/wp-json\/wp\/v2\/comments?post=406"}],"version-history":[{"count":4,"href":"https:\/\/iicbeirut.esteri.it\/it\/wp-json\/wp\/v2\/pages\/406\/revisions"}],"predecessor-version":[{"id":7502,"href":"https:\/\/iicbeirut.esteri.it\/it\/wp-json\/wp\/v2\/pages\/406\/revisions\/7502"}],"up":[{"embeddable":true,"href":"https:\/\/iicbeirut.esteri.it\/it\/wp-json\/wp\/v2\/pages\/42"}],"wp:attachment":[{"href":"https:\/\/iicbeirut.esteri.it\/it\/wp-json\/wp\/v2\/media?parent=406"}],"curies":[{"name":"wp","href":"https:\/\/api.w.org\/{rel}","templated":true}]}}