{"id":269,"date":"2023-11-13T16:30:53","date_gmt":"2023-11-13T14:30:53","guid":{"rendered":"https:\/\/iicbeirut.esteri.it\/?page_id=269"},"modified":"2024-09-27T16:59:43","modified_gmt":"2024-09-27T13:59:43","slug":"livello-a","status":"publish","type":"page","link":"https:\/\/iicbeirut.esteri.it\/it\/lingua-e-cultura\/i-corsi-di-lingua\/metodi-e-livelli\/livello-a\/","title":{"rendered":"LIVELLO ELEMENTARE \u2013 A1 Contatto"},"content":{"rendered":"<p><strong>A1.1 <\/strong>(25 ore)<\/p>\n<p><strong>Descrizione del corso<\/strong><\/p>\n<p style=\"text-align: justify;\"><em>Argomenti \u2013 unit\u00e0 1: &#8220;Primi contatti&#8221;; unit\u00e0 2: &#8220;Io e gli altri&#8221;; unit\u00e0 3: &#8220;Buon Appetito!&#8221;<\/em><br \/>\nAspetti grammaticali e lessicali \u2013 l\u2019alfabeto italiano, i pronomi personali, i verbi essere, avere e chiamarsi, gli articoli determinativi ed indeterminativi, aggettivi relativi alle nazionalit\u00e0, le forme singolari e plurali dei sostantivi, degli aggettivi e degli articoli, i pronomi dimostrativi ed interrogativi, i numeri cardinali da 0 a 100, verbi regolari con desinenza in -are, -ere, -ire, le preposizioni semplici in e a.<\/p>\n<p><strong>Obiettivi del corso<\/strong><\/p>\n<p>Al termine di questo corso, lo studente sar\u00e0 in grado di:<\/p>\n<ol>\n<li style=\"text-align: justify;\">fare lo spelling di nomi e sostantivi, presentarsi e presentare, informarsi sulle origini di una persona e sulle sue conoscenze linguistiche, chiedere informazioni personali.<\/li>\n<li style=\"text-align: justify;\">comunicare il proprio indirizzo e numero di telefono, parlare dei propri gusti, ordinare al ristorante e al bar.<\/li>\n<\/ol>\n<p style=\"text-align: justify;\">Il corso \u00e8 dedicato a coloro che non hanno alcuna conoscenza pregressa della lingua italiana o a coloro che potrebbero beneficiare di un ripasso a partire da questo livello.<\/p>\n<p><strong>Libro di testo e materiali<\/strong><\/p>\n<p><em>Nuovo espresso 1. Libro dello studente e esercizi. Corso di italiano A1<\/em>. Con CD-Audio: A1 (Luciana Ziglio e Giovanna Rizzo, Firenze: Alma, 2014 &amp; seguenti).<\/p>\n<p>&nbsp;<\/p>\n<p><strong>A1.2<\/strong> (25 ore)<\/p>\n<p style=\"text-align: justify;\"><strong>Descrizione del corso<\/strong><\/p>\n<p style=\"text-align: justify;\"><em>Argomenti \u2013 unit\u00e0 4: &#8220;Tempo libero&#8221;; unit\u00e0 5: &#8220;In albergo&#8221;; unit\u00e0 6: &#8220;In giro per l\u2019Italia&#8221;<\/em><br \/>\nAspetti grammaticali e lessicali \u2013 ripasso dei contenuti precedenti, i verbi andare, giocare, leggere, uscire, potere, venire, alcuni avverbi di frequenza, alcune preposizioni semplici, mi piace\/mi piacciono, i numeri cardinali a partire da 100, la concordanza tra nomi e aggettivi, c\u2019\u00e8\/ci sono, chiedere l\u2019ora.<\/p>\n<p style=\"text-align: justify;\"><strong>Obiettivi del corso<\/strong><\/p>\n<p style=\"text-align: justify;\">Al termine di questo corso, lo studente sar\u00e0 in grado di:<\/p>\n<ol style=\"text-align: justify;\">\n<li>leggere testi, ascoltare e comprendere fonti audio-visive che trattino di tempo libero, prenotare una camera d\u2019albergo, dare informazioni su come raggiungere un posto.<\/li>\n<li>parlare del tempo libero, di gusti e preferenze personali, descrivere posti, descrivere un appartamento, descrivere un posto e fornire indicazioni stradali su come raggiungerlo.<\/li>\n<\/ol>\n<p style=\"text-align: justify;\">Il corso \u00e8 dedicato a coloro che hanno una conoscenza della lingua italiana che permetta loro di accedere a questo livello o a coloro che potrebbero beneficiare di un ripasso a partire da questo livello.<\/p>\n<p style=\"text-align: justify;\"><strong>Libro di testo e materiali<\/strong><\/p>\n<p><em>Nuovo espresso 1. Libro dello studente e esercizi. Corso di italiano A1<\/em>. Con CD-Audio: A1 (Luciana Ziglio e Giovanna Rizzo, Firenze: Alma, 2014 &amp; seguenti).<\/p>\n<p style=\"text-align: justify;\"><strong>A1.3<\/strong> (25 ore)<\/p>\n<p style=\"text-align: justify;\"><strong>Descrizione del corso<\/strong><\/p>\n<p style=\"text-align: justify;\"><em>Argomenti \u2013 unit\u00e0 7: &#8220;Andiamo in vacanza!&#8221;; unit\u00e0 8: &#8220;Sapori d\u2019Italia&#8221;.<\/em><br \/>\nAspetti grammaticali \u2013 ripasso dei contenuti precedenti, il passato prossimo, il participio passato regolare e irregolare, il superlativo assoluto, qualche, la doppia negazione, le quantit\u00e0, il partitivo, la costruzione impersonale con si + verbo alla terza persona.<\/p>\n<p style=\"text-align: justify;\"><strong>Obiettivi del corso<\/strong><\/p>\n<p style=\"text-align: justify;\">Al termine di questo corso, lo studente sar\u00e0 in grado d:<\/p>\n<ol style=\"text-align: justify;\">\n<li>leggere testi, ascoltare, e comprendere fonti audio-visive che hanno come tema eventi avvenuti al passato, vacanze, acquisti in negozi alimentari, prodotti tipici, ricette.<\/li>\n<li>parlare di eventi passati, comunicare riguardo a temi relativi alle vacanze, alle proprie abitudini di acquisto e alle proprie abitudini alimentari, descrivere un negozio, condividere ricette.<\/li>\n<\/ol>\n<p style=\"text-align: justify;\">Il corso \u00e8 dedicato a coloro che hanno una conoscenza della lingua italiana che permetta loro di accedere a questo livello o a coloro che potrebbero beneficiare di un ripasso a partire da questo livello.<\/p>\n<p style=\"text-align: justify;\"><strong>Libro di testo e materiali<\/strong><\/p>\n<p><em>Nuovo espresso 1. Libro dello studente e esercizi. Corso di italiano A1<\/em>. Con CD-Audio: A1 (Luciana Ziglio e Giovanna Rizzo, Firenze: Alma, 2014 &amp; seguenti).<\/p>\n<p style=\"text-align: justify;\"><strong>A1.4<\/strong> (25 ore)<\/p>\n<p style=\"text-align: justify;\"><strong>Descrizione del corso<\/strong><\/p>\n<p style=\"text-align: justify;\"><em>Argomenti \u2013 unit\u00e0 9: &#8220;Vita quotidiana&#8221;; unit\u00e0 10: &#8220;La famiglia&#8221;<\/em><br \/>\nAspetti grammaticali \u2013 ripasso dei contenuti precedenti, i verbi riflessivi, alcuni verbi di frequenza, modi di dire introdotti dal verbo fare, aggettivi possessivi e gli articoli con gli aggettivi possessivi, il superlativo relativo, il passato prossimo dei verbi riflessivi.<\/p>\n<p style=\"text-align: justify;\"><strong>Obiettivi del corso<\/strong><\/p>\n<p style=\"text-align: justify;\">Al termine di questo corso, lo studente sar\u00e0 in grado di:<\/p>\n<ol style=\"text-align: justify;\">\n<li>leggere testi, ascoltare, e comprendere fonti audio-visive dedicate alle abitudini di un individuo, alla vita quotidiana, alle festivit\u00e0 italiane.<\/li>\n<li>comunicare riguardo ad eventi della vita quotidiana, descrivere festivit\u00e0 ed eventi sociali, descrivere e parlare della propria famiglia, descrivere fotografie.<\/li>\n<\/ol>\n<p style=\"text-align: justify;\">Il corso \u00e8 dedicato a coloro che hanno una conoscenza della lingua italiana che permetta loro di accedere a questo livello o a coloro che potrebbero beneficiare di un ripasso a partire da questo livello.<\/p>\n<p style=\"text-align: justify;\"><strong>Libro di testo e materiali<\/strong><\/p>\n<p><em>Nuovo espresso 1. Libro dello studente e esercizi. Corso di italiano A1<\/em>. Con CD-Audio: A1 (Luciana Ziglio e Giovanna Rizzo, Firenze: Alma, 2014 &amp; seguenti).<\/p>\n","protected":false},"excerpt":{"rendered":"A1.1 (25 ore) Descrizione del corso Argomenti \u2013 unit\u00e0 1: &#8220;Primi contatti&#8221;; unit\u00e0 2: &#8220;Io e gli altri&#8221;; unit\u00e0 3: &#8220;Buon Appetito!&#8221; Aspetti grammaticali e lessicali \u2013 l\u2019alfabeto italiano, i pronomi personali, i verbi essere, avere e chiamarsi, gli articoli determinativi ed indeterminativi, aggettivi relativi alle nazionalit\u00e0, le forme singolari e plurali dei sostantivi, degli [&hellip;]","protected":false},"author":6,"featured_media":0,"parent":372,"menu_order":0,"comment_status":"closed","ping_status":"closed","template":"","meta":{"footnotes":""},"class_list":["post-269","page","type-page","status-publish","hentry"],"_links":{"self":[{"href":"https:\/\/iicbeirut.esteri.it\/it\/wp-json\/wp\/v2\/pages\/269","targetHints":{"allow":["GET"]}}],"collection":[{"href":"https:\/\/iicbeirut.esteri.it\/it\/wp-json\/wp\/v2\/pages"}],"about":[{"href":"https:\/\/iicbeirut.esteri.it\/it\/wp-json\/wp\/v2\/types\/page"}],"author":[{"embeddable":true,"href":"https:\/\/iicbeirut.esteri.it\/it\/wp-json\/wp\/v2\/users\/6"}],"replies":[{"embeddable":true,"href":"https:\/\/iicbeirut.esteri.it\/it\/wp-json\/wp\/v2\/comments?post=269"}],"version-history":[{"count":6,"href":"https:\/\/iicbeirut.esteri.it\/it\/wp-json\/wp\/v2\/pages\/269\/revisions"}],"predecessor-version":[{"id":7662,"href":"https:\/\/iicbeirut.esteri.it\/it\/wp-json\/wp\/v2\/pages\/269\/revisions\/7662"}],"up":[{"embeddable":true,"href":"https:\/\/iicbeirut.esteri.it\/it\/wp-json\/wp\/v2\/pages\/372"}],"wp:attachment":[{"href":"https:\/\/iicbeirut.esteri.it\/it\/wp-json\/wp\/v2\/media?parent=269"}],"curies":[{"name":"wp","href":"https:\/\/api.w.org\/{rel}","templated":true}]}}