{"id":232,"date":"2023-11-13T15:30:24","date_gmt":"2023-11-13T13:30:24","guid":{"rendered":"https:\/\/iicbeirut.esteri.it\/?page_id=232"},"modified":"2026-02-16T13:28:58","modified_gmt":"2026-02-16T11:28:58","slug":"calendario-corsi","status":"publish","type":"page","link":"https:\/\/iicbeirut.esteri.it\/it\/lingua-e-cultura\/i-corsi-di-lingua\/calendario-corsi\/","title":{"rendered":"Calendario e Costi dei Corsi"},"content":{"rendered":"<p style=\"text-align: justify;\"><strong><img loading=\"lazy\" decoding=\"async\" class=\"alignnone size-medium wp-image-234 img-fluid\" src=\"https:\/\/iicbeirut.esteri.it\/wp-content\/uploads\/2023\/11\/iic_marhaba_2016-300x300.jpg\" alt=\"\" width=\"300\" height=\"300\" srcset=\"https:\/\/iicbeirut.esteri.it\/wp-content\/uploads\/2023\/11\/iic_marhaba_2016-300x300.jpg 300w, https:\/\/iicbeirut.esteri.it\/wp-content\/uploads\/2023\/11\/iic_marhaba_2016-1021x1024.jpg 1021w, https:\/\/iicbeirut.esteri.it\/wp-content\/uploads\/2023\/11\/iic_marhaba_2016-150x150.jpg 150w, https:\/\/iicbeirut.esteri.it\/wp-content\/uploads\/2023\/11\/iic_marhaba_2016-768x770.jpg 768w, https:\/\/iicbeirut.esteri.it\/wp-content\/uploads\/2023\/11\/iic_marhaba_2016.jpg 1036w\" sizes=\"auto, (max-width: 300px) 100vw, 300px\" \/><\/strong><\/p>\n<p><strong>DOVE E QUANDO ISCRIVERSI<\/strong><\/p>\n<p><strong>Segreteria Corsi IIC &#8211; Hamra<\/strong><br \/>\nTel. 01\/749801-2-3<br \/>\nWhatsApp 76\/462130<\/p>\n<p><span style=\"text-decoration: underline;\"><strong>Orario di apertura<\/strong><\/span><br \/>\nDal luned\u00ec al venerd\u00ec dalle ore 13:00 alle ore 21:00<\/p>\n<p><strong><span style=\"text-decoration: underline;\">Periodo di iscrizione<\/span><br \/>\n<\/strong>\u00c8 possibile iscriversi in qualsiasi momento dell\u2019anno. Contattate la segreteria dei corsi a Hamra per maggiori informazioni sui corsi attivi.<\/p>\n<p><strong><span style=\"text-decoration: underline;\">Prerequisiti<\/span><br \/>\n<\/strong>Ad eccezione del 1\u00ba livello, a tutti gli altri livelli si potr\u00e0 accedere previa acquisizione degli obiettivi linguistici del corso immediatamente inferiore tramite verifica dell&#8217;insegnante. Per gli studenti con precedente esperienza maturata altrove \u00e8 previsto un test di ingresso per l\u2019assegnazione del livello.<\/p>\n<p><strong><span style=\"text-decoration: underline;\">Struttura dei corsi standard<\/span><br \/>\n<\/strong>Tutti i corsi standard (lezioni bisettimanali \/ 2 ore a lezione) sono strutturati in sei sessioni come da calendario seguente:<\/p>\n<table width=\"812\">\n<tbody>\n<tr>\n<td width=\"188\"><a href=\"https:\/\/iicbeirut.esteri.it\/wp-content\/uploads\/2026\/01\/Term-1-2026-12-Gennaio-26-Febbraio.pdf\"><strong>Sessione I 2026<\/strong><\/a><\/td>\n<td width=\"624\">12 Gennaio &#8211; 26 Febbraio<\/td>\n<\/tr>\n<tr>\n<td width=\"188\"><a href=\"https:\/\/iicbeirut.esteri.it\/wp-content\/uploads\/2026\/01\/Term-2-2026-09-Marzo-17-Aprile.pdf\"><strong>Sessione 2 2026<\/strong><\/a><\/td>\n<td width=\"624\">09 Marzo &#8211; 17 Aprile<\/td>\n<\/tr>\n<tr>\n<td width=\"188\"><a href=\"https:\/\/iicbeirut.esteri.it\/wp-content\/uploads\/2026\/01\/Term-3-2026-04-May-19-June.pdf\"><strong>Sessione 3 2026<\/strong><\/a><\/td>\n<td width=\"624\">04 Maggio &#8211; 19 Giugno<\/td>\n<\/tr>\n<tr>\n<td width=\"188\"><a href=\"https:\/\/iicbeirut.esteri.it\/wp-content\/uploads\/2026\/01\/Term-4-2026-06-July-21-august.pdf\"><strong>Sessione 4 2026<\/strong><\/a><\/td>\n<td width=\"624\">06 Luglio \u2013 21 Agosto<\/td>\n<\/tr>\n<tr>\n<td width=\"188\"><a href=\"https:\/\/iicbeirut.esteri.it\/wp-content\/uploads\/2026\/01\/Term-5-2026-01-September-16-October.pdf\"><strong>Sessione 5 2026<\/strong><\/a><\/td>\n<td width=\"624\">01 Settembre \u2013 16 Ottobre<\/td>\n<\/tr>\n<tr>\n<td width=\"188\"><a href=\"https:\/\/iicbeirut.esteri.it\/wp-content\/uploads\/2026\/01\/Term-6-2026-02-November-16-December.pdf\"><strong>Sessione 6 2026<\/strong><\/a><\/td>\n<td width=\"624\">02 Novembre \u2013 16 Dicembre<\/td>\n<\/tr>\n<tr>\n<td width=\"188\"><strong>Livelli<\/strong><\/td>\n<td width=\"624\"><strong>Tutti i livelli, a raggiungimento \u00a0del numero minimo di iscritti<\/strong><\/td>\n<\/tr>\n<tr>\n<td width=\"188\"><strong>Libri di testo<\/strong><\/td>\n<td width=\"624\"><strong><em>Nuovo Espresso 1, 2,\u00a03, 4, 5\u00a0<\/em><\/strong><em>e<strong>\u00a06<\/strong><\/em><\/td>\n<\/tr>\n<\/tbody>\n<\/table>\n<p>I corsi hanno pertanto una durata di 7 settimane circa. <strong>Gli insegnanti possono variare ad ogni nuovo corso per assicurare una migliore esperienza didattica<\/strong>.<\/p>\n<p><strong><span style=\"text-decoration: underline;\">Struttura del corso intensivo<\/span><br \/>\n<\/strong>Il corso intensivo si svolge dal luned\u00ec al gioved\u00ec,\u00a0 3 ore a lezione, come da calendario seguente:<\/p>\n<table width=\"812\">\n<tbody>\n<tr>\n<td width=\"188\"><strong>Sessioni Intensive A.A. 202<\/strong><strong>6<\/strong><\/td>\n<td width=\"624\"><a href=\"https:\/\/iicbeirut.esteri.it\/wp-content\/uploads\/2025\/12\/1o-Term-Intensivo-2026-12-Gennaio-04-Marzo.pdf\">12 gennaio \u2013\u00a0 \u00a004 marzo<\/a><\/p>\n<p><a href=\"https:\/\/iicbeirut.esteri.it\/wp-content\/uploads\/2025\/12\/2o-Term-Intensivo-2026-16-Marzo-07-Maggio.pdf\">16 marzo &#8211; 07 maggio<\/a><\/p>\n<p><a href=\"https:\/\/iicbeirut.esteri.it\/wp-content\/uploads\/2026\/01\/3-Intensive-2026-May-18th-July-07th.pdf\">18 maggio &#8211; 07 luglio<\/a><\/p>\n<p><a href=\"https:\/\/iicbeirut.esteri.it\/wp-content\/uploads\/2026\/01\/4-Intensive-2026-July-20-September-10th.pdf\">20 luglio &#8211; 10 settembre<\/a><\/p>\n<p><a href=\"https:\/\/iicbeirut.esteri.it\/wp-content\/uploads\/2026\/01\/5-Intensive-2026-September-21st-November-19.pdf\">21 settembre &#8211; 19 novembre<\/a><\/td>\n<\/tr>\n<\/tbody>\n<\/table>\n<p><strong><span style=\"text-decoration: underline;\">Costi<\/span><br \/>\n<\/strong><\/p>\n<table>\n<tbody>\n<tr>\n<td width=\"217\"><em>Corsi regolari:<\/em><\/td>\n<td width=\"595\">\n<ul>\n<li>Livelli A1, A2, B1: moduli da 25 ore di insegnamento (4 ore settimanali): 105 USD (online) oppure 130 USD (in presenza)<\/li>\n<li>Livelli B2, C1, C2: moduli da 50 ore di insegnamento (4 ore settimanali): 210 USD (online) oppure 260 USD (in presenza)<\/li>\n<\/ul>\n<\/td>\n<\/tr>\n<tr>\n<td width=\"217\"><em>Corsi intensivi:<\/em><\/td>\n<td width=\"595\">\n<ul>\n<li>Tre moduli (A1, A2, B1) da 100 ore di insegnamento (12 ore settimanali): 410 USD (online) oppure 520 USD (in presenza)<\/li>\n<li>Tre moduli (B2, C1, C2) da 150 ore di insegnamento (12 ore settimanali): 620 USD (online) oppure 770 USD (in presenza)<\/li>\n<\/ul>\n<\/td>\n<\/tr>\n<tr>\n<td width=\"217\"><em>Lezioni private online:<\/em><\/td>\n<td width=\"595\">\n<ul>\n<li>Corso individuale: 10 ore\/$300<\/li>\n<li><span style=\"font-family: inherit; font-size: inherit;\">Corso semi-Privato (2 persone): 10 ore\/$225 a persona<\/span><\/li>\n<li><span style=\"font-family: inherit; font-size: inherit;\">Corso semi-Privato (3 persone): 10 ore\/$150 a persona<\/span><\/li>\n<\/ul>\n<\/td>\n<\/tr>\n<tr>\n<td width=\"217\"><em>Lezioni private in presenza:<\/em><\/td>\n<td width=\"595\">\n<ul>\n<li>Corso individuale: 10 ore\/$400<\/li>\n<li><span style=\"font-family: inherit; font-size: inherit;\">Corso semi-Privato (2 persone): 10 ore\/$300 a persona<\/span><\/li>\n<li><span style=\"font-family: inherit; font-size: inherit;\">Corso semi-Privato (3 persone): 10 ore\/$200 a persona<\/span><\/li>\n<\/ul>\n<\/td>\n<\/tr>\n<\/tbody>\n<\/table>\n<p><strong><em>Nella quota di iscrizione <u>NON<\/u> sono compresi i materiali didattici.<\/em><\/strong><\/p>\n<ul>\n<li>Cliccare <a href=\"https:\/\/iicbeirut.esteri.it\/wp-content\/uploads\/2024\/12\/Istruzioni-per-i-corsi-di-lingua.pdf\"><strong>QUI<\/strong><\/a> per <strong>informazioni su come installare Microsoft Teams e per importanti informazioni sui corsi<\/strong><\/li>\n<\/ul>\n<p style=\"text-align: justify;\"><strong><span style=\"text-decoration: underline;\">Rimborsi corsi regolari e intensivi<\/span><br \/>\n<\/strong>L\u2019Istituto effettua rimborsi delle quote di iscrizione versate solo se la classe non si forma per mancato raggiungimento del numero minimo di studenti.<br \/>\nIn tutti gli altri casi le quote di iscrizione, una volta versate, non vengono rimborsate n\u00e9 trasferite per altri corsi.<\/p>\n<p style=\"text-align: justify;\"><strong><span style=\"text-decoration: underline;\">Cancellazione lezioni private<\/span><br \/>\n<\/strong>Le lezioni possono essere cancellate, e saranno recuperate in base alla disponibilit\u00e0 dell\u2019insegnante, solo se cancellate con un preavviso di almeno 24 ore lavorative, comunicato esclusivamente durante gli orari di apertura dell\u2019Istituto (lun-gio 9:00-16:00, venerd\u00ec 9:00-12:00). Per le lezioni del luned\u00ec le comunicazioni devono arrivare entro il venerd\u00ec precedente alle ore 12:00 PM.<\/p>\n<p><strong>COME ISCRIVERSI<\/strong><\/p>\n<p><a href=\"https:\/\/iicbeirut.esteri.it\/wp-content\/uploads\/2026\/02\/IIC-BEIRUT-Fillable-Enrollment-Request-Form.pdf\" target=\"_blank\" rel=\"noopener\"><strong>SCARICA QUI IL\u00a0FORMULARIO DI DOMANDA DI ISCRIZIONE AI CORSI<\/strong><\/a><\/p>\n<p>Compilare e inviare il formulario d\u2019iscrizione a: <a href=\"mailto:iicbeirut.corsi@esteri.it\">iicbeirut.corsi@esteri.it<\/a><\/p>\n<p>La Segreteria vi contatter\u00e0 dopo la ricezione del formulario per procedere all\u2019iscrizione.<\/p>\n<p>Per ulteriori informazioni, chiamaci ai numeri sopra indicati o inviaci un\u2019email.<\/p>\n","protected":false},"excerpt":{"rendered":"DOVE E QUANDO ISCRIVERSI Segreteria Corsi IIC &#8211; Hamra Tel. 01\/749801-2-3 WhatsApp 76\/462130 Orario di apertura Dal luned\u00ec al venerd\u00ec dalle ore 13:00 alle ore 21:00 Periodo di iscrizione \u00c8 possibile iscriversi in qualsiasi momento dell\u2019anno. Contattate la segreteria dei corsi a Hamra per maggiori informazioni sui corsi attivi. Prerequisiti Ad eccezione del 1\u00ba livello, [&hellip;]","protected":false},"author":6,"featured_media":234,"parent":42,"menu_order":0,"comment_status":"closed","ping_status":"closed","template":"","meta":{"footnotes":""},"class_list":["post-232","page","type-page","status-publish","has-post-thumbnail","hentry"],"_links":{"self":[{"href":"https:\/\/iicbeirut.esteri.it\/it\/wp-json\/wp\/v2\/pages\/232","targetHints":{"allow":["GET"]}}],"collection":[{"href":"https:\/\/iicbeirut.esteri.it\/it\/wp-json\/wp\/v2\/pages"}],"about":[{"href":"https:\/\/iicbeirut.esteri.it\/it\/wp-json\/wp\/v2\/types\/page"}],"author":[{"embeddable":true,"href":"https:\/\/iicbeirut.esteri.it\/it\/wp-json\/wp\/v2\/users\/6"}],"replies":[{"embeddable":true,"href":"https:\/\/iicbeirut.esteri.it\/it\/wp-json\/wp\/v2\/comments?post=232"}],"version-history":[{"count":15,"href":"https:\/\/iicbeirut.esteri.it\/it\/wp-json\/wp\/v2\/pages\/232\/revisions"}],"predecessor-version":[{"id":12886,"href":"https:\/\/iicbeirut.esteri.it\/it\/wp-json\/wp\/v2\/pages\/232\/revisions\/12886"}],"up":[{"embeddable":true,"href":"https:\/\/iicbeirut.esteri.it\/it\/wp-json\/wp\/v2\/pages\/42"}],"wp:featuredmedia":[{"embeddable":true,"href":"https:\/\/iicbeirut.esteri.it\/it\/wp-json\/wp\/v2\/media\/234"}],"wp:attachment":[{"href":"https:\/\/iicbeirut.esteri.it\/it\/wp-json\/wp\/v2\/media?parent=232"}],"curies":[{"name":"wp","href":"https:\/\/api.w.org\/{rel}","templated":true}]}}