{"id":573,"date":"2023-09-26T12:41:52","date_gmt":"2023-09-26T09:41:52","guid":{"rendered":"https:\/\/iicbeirut.esteri.it\/?page_id=573"},"modified":"2025-10-27T14:51:30","modified_gmt":"2025-10-27T12:51:30","slug":"573-2","status":"publish","type":"page","link":"https:\/\/iicbeirut.esteri.it\/fr\/amministrazione-trasparente\/573-2\/","title":{"rendered":""},"content":{"rendered":"<p style=\"text-align: justify;\">Nous vous rappelons que l\u2019Institut Culturel Italien de Beyrouth n\u2019engage pas directement du personnel. Nous vous prions de ne pas envoyer de curriculums ou des demandes d\u2019engagements. Le personnel de l\u2019Institut est recrut\u00e9 par le biais de Concours Publics organis\u00e9s par le Minist\u00e8re des Affaires Etrang\u00e8res et de la Coop\u00e9ration Internationale. Ces Concours seront d\u00fbment publi\u00e9s par l\u2019IIC (sur ce m\u00eame site).<\/p>\n<p>&nbsp;<\/p>\n<p><em><span style=\"font-size: 12px;\">\u00a0Page mise \u00e0 jour le 27.10.2025<\/span><\/em><\/p>\n","protected":false},"excerpt":{"rendered":"Nous vous rappelons que l\u2019Institut Culturel Italien de Beyrouth n\u2019engage pas directement du personnel. Nous vous prions de ne pas envoyer de curriculums ou des demandes d\u2019engagements. Le personnel de l\u2019Institut est recrut\u00e9 par le biais de Concours Publics organis\u00e9s par le Minist\u00e8re des Affaires Etrang\u00e8res et de la Coop\u00e9ration Internationale. Ces Concours seront d\u00fbment [&hellip;]","protected":false},"author":6,"featured_media":0,"parent":134,"menu_order":0,"comment_status":"closed","ping_status":"closed","template":"","meta":{"footnotes":""},"class_list":["post-573","page","type-page","status-publish","hentry"],"_links":{"self":[{"href":"https:\/\/iicbeirut.esteri.it\/fr\/wp-json\/wp\/v2\/pages\/573","targetHints":{"allow":["GET"]}}],"collection":[{"href":"https:\/\/iicbeirut.esteri.it\/fr\/wp-json\/wp\/v2\/pages"}],"about":[{"href":"https:\/\/iicbeirut.esteri.it\/fr\/wp-json\/wp\/v2\/types\/page"}],"author":[{"embeddable":true,"href":"https:\/\/iicbeirut.esteri.it\/fr\/wp-json\/wp\/v2\/users\/6"}],"replies":[{"embeddable":true,"href":"https:\/\/iicbeirut.esteri.it\/fr\/wp-json\/wp\/v2\/comments?post=573"}],"version-history":[{"count":2,"href":"https:\/\/iicbeirut.esteri.it\/fr\/wp-json\/wp\/v2\/pages\/573\/revisions"}],"predecessor-version":[{"id":11686,"href":"https:\/\/iicbeirut.esteri.it\/fr\/wp-json\/wp\/v2\/pages\/573\/revisions\/11686"}],"up":[{"embeddable":true,"href":"https:\/\/iicbeirut.esteri.it\/fr\/wp-json\/wp\/v2\/pages\/134"}],"wp:attachment":[{"href":"https:\/\/iicbeirut.esteri.it\/fr\/wp-json\/wp\/v2\/media?parent=573"}],"curies":[{"name":"wp","href":"https:\/\/api.w.org\/{rel}","templated":true}]}}