{"id":414,"date":"2023-11-13T18:44:27","date_gmt":"2023-11-13T16:44:27","guid":{"rendered":"https:\/\/iicbeirut.esteri.it\/?page_id=414"},"modified":"2024-08-29T14:51:20","modified_gmt":"2024-08-29T11:51:20","slug":"examens-et-certifications","status":"publish","type":"page","link":"https:\/\/iicbeirut.esteri.it\/fr\/lingua-e-cultura\/i-corsi-di-lingua\/examens-et-certifications\/","title":{"rendered":"Examens et Certifications"},"content":{"rendered":"<p><strong>Examens <\/strong><\/p>\n<ul>\n<li>L\u2019\u00e9valuation finale s\u2019articule en une \u00e9preuve \u00e9crite.<\/li>\n<li>La note minimale pour passer un examen est de 60\/100<\/li>\n<li>Pour passer un examen il est n\u00e9cessaire d\u2019avoir fr\u00e9quent\u00e9 au moins 80% du cours<\/li>\n<\/ul>\n<p><strong><br \/>\nCertifications CILS<\/strong><br \/>\nDes s\u00e9ances d\u2019examen sont organis\u00e9es aupr\u00e8s de la succursale de Hamra. Ces examens donnent la Certification de Langue Italienne (CILS, en collaboration avec l\u2019Universit\u00e9 pour \u00c9trangers de Sienne). Pour plus d&rsquo;informations sur les dates et les niveaux des sessions, consultez le calendrier de l&rsquo;Universit\u00e9 en cliquant <strong><a href=\"https:\/\/cils.unistrasi.it\/82\/364\/Le_date_degli_esami.htm\" target=\"_blank\" rel=\"noopener\">ICI<\/a><\/strong>. La mise en place de la s\u00e9ance d\u2019examens aupr\u00e8s de l&rsquo;IIC est subordonn\u00e9e au nombre d\u2019inscrits qui doivent \u00eatre au moins 10.<\/p>\n","protected":false},"excerpt":{"rendered":"Examens L\u2019\u00e9valuation finale s\u2019articule en une \u00e9preuve \u00e9crite. La note minimale pour passer un examen est de 60\/100 Pour passer un examen il est n\u00e9cessaire d\u2019avoir fr\u00e9quent\u00e9 au moins 80% du cours Certifications CILS Des s\u00e9ances d\u2019examen sont organis\u00e9es aupr\u00e8s de la succursale de Hamra. Ces examens donnent la Certification de Langue Italienne (CILS, en [&hellip;]","protected":false},"author":6,"featured_media":0,"parent":112,"menu_order":5,"comment_status":"closed","ping_status":"closed","template":"","meta":{"footnotes":""},"class_list":["post-414","page","type-page","status-publish","hentry"],"_links":{"self":[{"href":"https:\/\/iicbeirut.esteri.it\/fr\/wp-json\/wp\/v2\/pages\/414","targetHints":{"allow":["GET"]}}],"collection":[{"href":"https:\/\/iicbeirut.esteri.it\/fr\/wp-json\/wp\/v2\/pages"}],"about":[{"href":"https:\/\/iicbeirut.esteri.it\/fr\/wp-json\/wp\/v2\/types\/page"}],"author":[{"embeddable":true,"href":"https:\/\/iicbeirut.esteri.it\/fr\/wp-json\/wp\/v2\/users\/6"}],"replies":[{"embeddable":true,"href":"https:\/\/iicbeirut.esteri.it\/fr\/wp-json\/wp\/v2\/comments?post=414"}],"version-history":[{"count":2,"href":"https:\/\/iicbeirut.esteri.it\/fr\/wp-json\/wp\/v2\/pages\/414\/revisions"}],"predecessor-version":[{"id":7504,"href":"https:\/\/iicbeirut.esteri.it\/fr\/wp-json\/wp\/v2\/pages\/414\/revisions\/7504"}],"up":[{"embeddable":true,"href":"https:\/\/iicbeirut.esteri.it\/fr\/wp-json\/wp\/v2\/pages\/112"}],"wp:attachment":[{"href":"https:\/\/iicbeirut.esteri.it\/fr\/wp-json\/wp\/v2\/media?parent=414"}],"curies":[{"name":"wp","href":"https:\/\/api.w.org\/{rel}","templated":true}]}}