{"id":400,"date":"2023-11-13T18:39:29","date_gmt":"2023-11-13T16:39:29","guid":{"rendered":"https:\/\/iicbeirut.esteri.it\/?page_id=400"},"modified":"2023-11-13T18:39:29","modified_gmt":"2023-11-13T16:39:29","slug":"auto-evaluation","status":"publish","type":"page","link":"https:\/\/iicbeirut.esteri.it\/fr\/lingua-e-cultura\/i-corsi-di-lingua\/auto-evaluation\/","title":{"rendered":"Auto-\u00e9valuation"},"content":{"rendered":"<p><strong>Quel est ton niveau d\u2019italien?<br \/>\n<\/strong><br \/>\nCe guide d\u2019auto\u00e9valuation NE PEUT PAS se substituer aux tests d\u2019entr\u00e9e au cours de langue organis\u00e9s par l\u2019Institut Culturel Italien, mais repr\u00e9sente seulement un instrument qui peut aider \u00e0 v\u00e9rifier de soi-m\u00eame le niveau de connaissance de l\u2019italien.<\/p>\n<p>Analysez avec attention les habilit\u00e9es d\u00e9crites dans cette grille offerte par European Language Portfolio du Conseil Europ\u00e9en, d\u00e9crites en plusieurs langues dans les links ci-dessous:<\/p>\n<ul>\n<li><a href=\"http:\/\/culture2.coe.int\/portfolio\/documents\/assessment_grid_italian.doc\">Italien: http:\/\/culture2.coe.int\/portfolio\/documents\/assessment_grid_italian.doc <\/a><\/li>\n<li><a href=\"http:\/\/culture2.coe.int\/portfolio\/documents\/assessment_grid_english.doc\">Anglais: http:\/\/culture2.coe.int\/portfolio\/documents\/assessment_grid_english.doc <\/a><\/li>\n<li><a href=\"http:\/\/culture2.coe.int\/portfolio\/documents\/assessment_grid_french.doc\">Fran\u00e7ais: http:\/\/culture2.coe.int\/portfolio\/documents\/assessment_grid_french.doc<\/a><\/li>\n<li><a href=\"http:\/\/culture2.coe.int\/portfolio\/documents\/assessment_grid_german.doc\">Allemand: http:\/\/culture2.coe.int\/portfolio\/documents\/assessment_grid_german.doc <\/a><\/li>\n<li><a href=\"http:\/\/culture2.coe.int\/portfolio\/documents\/assessment_grid_spanish.doc\">Espagnol: http:\/\/culture2.coe.int\/portfolio\/documents\/assessment_grid_spanish.doc <\/a><\/li>\n<li><a href=\"http:\/\/culture2.coe.int\/portfolio\/documents\/assessment_grid_portuguese.doc\">Portugais: http:\/\/culture2.coe.int\/portfolio\/documents\/assessment_grid_portuguese.doc <\/a><\/li>\n<\/ul>\n","protected":false},"excerpt":{"rendered":"Quel est ton niveau d\u2019italien? Ce guide d\u2019auto\u00e9valuation NE PEUT PAS se substituer aux tests d\u2019entr\u00e9e au cours de langue organis\u00e9s par l\u2019Institut Culturel Italien, mais repr\u00e9sente seulement un instrument qui peut aider \u00e0 v\u00e9rifier de soi-m\u00eame le niveau de connaissance de l\u2019italien. Analysez avec attention les habilit\u00e9es d\u00e9crites dans cette grille offerte par European [&hellip;]","protected":false},"author":6,"featured_media":0,"parent":112,"menu_order":4,"comment_status":"closed","ping_status":"closed","template":"","meta":{"footnotes":""},"class_list":["post-400","page","type-page","status-publish","hentry"],"_links":{"self":[{"href":"https:\/\/iicbeirut.esteri.it\/fr\/wp-json\/wp\/v2\/pages\/400","targetHints":{"allow":["GET"]}}],"collection":[{"href":"https:\/\/iicbeirut.esteri.it\/fr\/wp-json\/wp\/v2\/pages"}],"about":[{"href":"https:\/\/iicbeirut.esteri.it\/fr\/wp-json\/wp\/v2\/types\/page"}],"author":[{"embeddable":true,"href":"https:\/\/iicbeirut.esteri.it\/fr\/wp-json\/wp\/v2\/users\/6"}],"replies":[{"embeddable":true,"href":"https:\/\/iicbeirut.esteri.it\/fr\/wp-json\/wp\/v2\/comments?post=400"}],"version-history":[{"count":1,"href":"https:\/\/iicbeirut.esteri.it\/fr\/wp-json\/wp\/v2\/pages\/400\/revisions"}],"predecessor-version":[{"id":403,"href":"https:\/\/iicbeirut.esteri.it\/fr\/wp-json\/wp\/v2\/pages\/400\/revisions\/403"}],"up":[{"embeddable":true,"href":"https:\/\/iicbeirut.esteri.it\/fr\/wp-json\/wp\/v2\/pages\/112"}],"wp:attachment":[{"href":"https:\/\/iicbeirut.esteri.it\/fr\/wp-json\/wp\/v2\/media?parent=400"}],"curies":[{"name":"wp","href":"https:\/\/api.w.org\/{rel}","templated":true}]}}