{"id":389,"date":"2023-11-13T18:30:24","date_gmt":"2023-11-13T16:30:24","guid":{"rendered":"https:\/\/iicbeirut.esteri.it\/?page_id=389"},"modified":"2024-08-29T14:16:42","modified_gmt":"2024-08-29T11:16:42","slug":"enseignants-et-manuels","status":"publish","type":"page","link":"https:\/\/iicbeirut.esteri.it\/fr\/lingua-e-cultura\/i-corsi-di-lingua\/enseignants-et-manuels\/","title":{"rendered":"Enseignants et Manuels"},"content":{"rendered":"<p><strong>Enseignants<br \/>\n<\/strong>Le <strong>corps enseignant<\/strong> est form\u00e9 de <strong>personnel qualifi\u00e9<\/strong> ayant une <strong>longue\u00a0exp\u00e9rience<\/strong> de l&rsquo;enseignement.<\/p>\n<p><strong>Manuels et mat\u00e9riel didactique<\/strong><\/p>\n<ul>\n<li><em>Nuovo espresso 1. Libro dello studente e esercizi. Corso di italiano A1.<\/em>\u00a0Avec CD-Audio : A1 (Luciana Ziglio et Giovanna Rizzo, Florence : Alma, 2014 &amp; suivants).<\/li>\n<li><em>Nuovo espresso 2. Libro dello studente e esercizi.<\/em> <em>Corso di italiano A2<\/em>. Avec CD-Audio : A2 (Giovanna Rizzo et Maria Bal\u00ec, Florence : Alma, 2017).<\/li>\n<li><em>Nuovo espresso 3. Libro dello studente e esercizi. Corso di italiano B1<\/em>. Avec CD-Audio : B1 (Luciana Ziglio et Maria Bal\u00ec, Florence : Alma, 2017).<\/li>\n<li><em>Nuovo espresso 4. Libro dello studente e esercizi. Corso di italiano B2. <\/em>Avec CD-Audio : B2 (Maria Bal\u00ec et Irene Dei, Florence : Alma, 2017).<\/li>\n<li><em>Nuovo espresso 5. Libro dello studente e esercizi. Corso di italiano C1.<\/em> Avec CD-Audio : C1 (Giorgio Massei et Rosella Bellagamba, Florence : Alma, 2017).<\/li>\n<li><em>Nuovo espresso 6. Libro dello studente e esercizi. Corso di italiano C2.<\/em> Avec CD-Audio: C2 (Michela Guida et Chiara Pegoraro, Florence: Alma, 2017).<\/li>\n<\/ul>\n<p>Ces manuels peuvent \u00eatre achet\u00e9s aupr\u00e8s du secr\u00e9tariat des cours.<\/p>\n","protected":false},"excerpt":{"rendered":"Enseignants Le corps enseignant est form\u00e9 de personnel qualifi\u00e9 ayant une longue\u00a0exp\u00e9rience de l&rsquo;enseignement. Manuels et mat\u00e9riel didactique Nuovo espresso 1. Libro dello studente e esercizi. Corso di italiano A1.\u00a0Avec CD-Audio : A1 (Luciana Ziglio et Giovanna Rizzo, Florence : Alma, 2014 &amp; suivants). Nuovo espresso 2. Libro dello studente e esercizi. Corso di italiano [&hellip;]","protected":false},"author":6,"featured_media":0,"parent":112,"menu_order":3,"comment_status":"closed","ping_status":"closed","template":"","meta":{"footnotes":""},"class_list":["post-389","page","type-page","status-publish","hentry"],"_links":{"self":[{"href":"https:\/\/iicbeirut.esteri.it\/fr\/wp-json\/wp\/v2\/pages\/389","targetHints":{"allow":["GET"]}}],"collection":[{"href":"https:\/\/iicbeirut.esteri.it\/fr\/wp-json\/wp\/v2\/pages"}],"about":[{"href":"https:\/\/iicbeirut.esteri.it\/fr\/wp-json\/wp\/v2\/types\/page"}],"author":[{"embeddable":true,"href":"https:\/\/iicbeirut.esteri.it\/fr\/wp-json\/wp\/v2\/users\/6"}],"replies":[{"embeddable":true,"href":"https:\/\/iicbeirut.esteri.it\/fr\/wp-json\/wp\/v2\/comments?post=389"}],"version-history":[{"count":5,"href":"https:\/\/iicbeirut.esteri.it\/fr\/wp-json\/wp\/v2\/pages\/389\/revisions"}],"predecessor-version":[{"id":7495,"href":"https:\/\/iicbeirut.esteri.it\/fr\/wp-json\/wp\/v2\/pages\/389\/revisions\/7495"}],"up":[{"embeddable":true,"href":"https:\/\/iicbeirut.esteri.it\/fr\/wp-json\/wp\/v2\/pages\/112"}],"wp:attachment":[{"href":"https:\/\/iicbeirut.esteri.it\/fr\/wp-json\/wp\/v2\/media?parent=389"}],"curies":[{"name":"wp","href":"https:\/\/api.w.org\/{rel}","templated":true}]}}