{"id":378,"date":"2023-11-13T17:49:55","date_gmt":"2023-11-13T15:49:55","guid":{"rendered":"https:\/\/iicbeirut.esteri.it\/?page_id=378"},"modified":"2024-10-10T17:17:51","modified_gmt":"2024-10-10T14:17:51","slug":"methodes-et-niveaux","status":"publish","type":"page","link":"https:\/\/iicbeirut.esteri.it\/fr\/lingua-e-cultura\/i-corsi-di-lingua\/methodes-et-niveaux\/","title":{"rendered":"M\u00e9thodes et Niveaux"},"content":{"rendered":"<p style=\"text-align: justify;\"><strong>M\u00e9thodologie<\/strong><\/p>\n<p style=\"text-align: justify;\">L\u2019Institut adopte une m\u00e9thodologie communicative qui se base sur les points suivants :<\/p>\n<ul style=\"text-align: justify;\">\n<li>R\u00f4le central de l\u2019\u00e9tudiant dans l&rsquo;apprentissage par le biais du travail en bin\u00f4me, du travail en groupe et de la prise en charge des r\u00f4les;<\/li>\n<li>l&rsquo;enseignant joue le r\u00f4le de facilitateur de communication;<\/li>\n<li>Pr\u00e9dominance de l\u2019utilisation de mat\u00e9riel authentique avec gradation des t\u00e2ches;<\/li>\n<li>Processus d\u2019apprentissage en spirale<\/li>\n<li>Utilisation d&rsquo;abord pr\u00e9dominante et ensuite exclusive de la langue italienne<\/li>\n<\/ul>\n<p style=\"text-align: justify;\"><strong>Les niveaux des cours<\/strong><\/p>\n<p style=\"text-align: justify;\">La subdivision des cours offerts par l&rsquo;Institut est conforme au \u00ab <strong>Cadre europ\u00e9en commun de r\u00e9f\u00e9rence pour les langues : Apprentissage, Enseignement, \u00c9valuation<\/strong>\u00a0\u00bb <strong>du Conseil de l&rsquo;Europe<\/strong> (Common European Framework).<br \/>\nL&rsquo;Institut propose les niveaux suivants : <strong>A1<\/strong> (Niveau Introductif ou D\u00e9couverte), <strong>A2<\/strong> (Niveau Interm\u00e9diaire ou de Survie), <strong>B1<\/strong> (Niveau Seuil), <strong>B2<\/strong> (Niveau Avanc\u00e9 ou Utilisateur Ind\u00e9pendant), <strong>C1<\/strong> (Niveau Autonome ou de Comp\u00e9tence Op\u00e9rationnelle Effective), <strong>C2<\/strong> (Niveau de Ma\u00eetrise).<\/p>\n<p style=\"text-align: justify;\"><strong>A1 Niveau Introductif ou D\u00e9couverte<\/strong> | <strong><a href=\"https:\/\/iicbeirut.esteri.it\/fr\/lingua-e-cultura\/i-corsi-di-lingua\/methodes-et-niveaux\/niveau-a\/\">Description compl\u00e8te<\/a><\/strong> &gt;<br \/>\nA la fin de ce niveau, l&rsquo;\u00e9l\u00e8ve comprend des questions simples sur lui-m\u00eame et est capable d\u2019y r\u00e9pondre : o\u00f9 il vit, ce qu&rsquo;il fait, ce qu&rsquo;il poss\u00e8de. Son r\u00e9pertoire linguistique est encore limit\u00e9 et consiste en des phrases simples m\u00e9moris\u00e9es. L&rsquo;interaction est possible \u00e0 condition que l&rsquo;autre personne parle lentement et clairement et qu&rsquo;elle soit dispos\u00e9e \u00e0 coop\u00e9rer.<\/p>\n<p style=\"text-align: justify;\"><strong>A2 Niveau Interm\u00e9diaire ou de Survie<\/strong> | <strong><a href=\"https:\/\/iicbeirut.esteri.it\/fr\/lingua-e-cultura\/i-corsi-di-lingua\/methodes-et-niveaux\/niveau-de-base-a2-niveau-de-survie-2\/\">Description compl\u00e8te<\/a><\/strong> &gt;<br \/>\nA la fin du niveau A2, l&rsquo;\u00e9tudiant aura am\u00e9lior\u00e9 ses comp\u00e9tences en communication, \u00e9largi son vocabulaire et sera capable de communiquer plus naturellement dans diff\u00e9rents contextes et situations.<\/p>\n<p style=\"text-align: justify;\"><strong>B1 Niveau Seuil<\/strong> | <strong><a href=\"https:\/\/iicbeirut.esteri.it\/fr\/lingua-e-cultura\/i-corsi-di-lingua\/methodes-et-niveaux\/niveau-b1\/\">Description compl\u00e8te<\/a><\/strong> &gt;<br \/>\nA la fin du cycle B1, l&rsquo;\u00e9tudiant aura atteint le niveau dit \u00ab seuil \u00bb du Cadre Europ\u00e9en Commun de R\u00e9f\u00e9rence pour les langues et aura consolid\u00e9 les comp\u00e9tences acquises pr\u00e9c\u00e9demment, en renfor\u00e7ant les capacit\u00e9s de compr\u00e9hension, de communication, de lecture et d&rsquo;\u00e9criture.<br \/>\nL&rsquo;ach\u00e8vement du cycle B1 pr\u00e9pare l&rsquo;\u00e9tudiant \u00e0 la certification CILS B1 de l&rsquo;Universit\u00e9 pour \u00c9trangers de Sienne.<\/p>\n<p style=\"text-align: justify;\"><strong>B2 Niveau Avanc\u00e9 ou Utilisateur Ind\u00e9pendant<\/strong> | <strong><a href=\"https:\/\/iicbeirut.esteri.it\/fr\/lingua-e-cultura\/i-corsi-di-lingua\/methodes-et-niveaux\/niveau-b2\/\">Description compl\u00e8te<\/a><\/strong> &gt;<br \/>\nA la fin du cycle B2, l&rsquo;\u00e9tudiant aura atteint le niveau dit \u00ab ind\u00e9pendant \u00bb du Cadre Europ\u00e9en Commun de R\u00e9f\u00e9rence pour les langues, en enrichissant son vocabulaire, en am\u00e9liorant sa pr\u00e9cision \u00e0 l&rsquo;oral, en consolidant les comp\u00e9tences acquises et en apprenant des structures grammaticales plus complexes.<br \/>\nL&rsquo;ach\u00e8vement de ce cycle pr\u00e9pare l&rsquo;\u00e9tudiant \u00e0 affronter les deux certifications CILS B2 de l&rsquo;Universit\u00e9 pour \u00c9trangers de Sienne.<\/p>\n<p style=\"text-align: justify;\"><strong>C1 Niveau Autonome ou de Comp\u00e9tence Op\u00e9rationnelle Effective<\/strong>\u00a0| <strong><a href=\"https:\/\/iicbeirut.esteri.it\/fr\/lingua-e-cultura\/i-corsi-di-lingua\/methodes-et-niveaux\/niveau-c1\/\">Description compl\u00e8te<\/a><\/strong> &gt;<br \/>\nA l&rsquo;issue des cours du cycle C1, l&rsquo;\u00e9tudiant a atteint le niveau dit \u00ab d&rsquo;efficacit\u00e9 op\u00e9rationnelle \u00bb du Cadre Europ\u00e9en Commun de R\u00e9f\u00e9rence pour les langues et a la capacit\u00e9 d&rsquo;explorer les diff\u00e9rents aspects de la langue et de la culture italiennes, tels que l&rsquo;histoire, l&rsquo;art, les traditions et l&rsquo;actualit\u00e9.<br \/>\nL&rsquo;ach\u00e8vement de ce cycle le pr\u00e9pare aux trois certifications CILS C1 de l&rsquo;Universit\u00e9 pour \u00c9trangers de Sienne.<\/p>\n<p style=\"text-align: justify;\"><strong>C2 Niveau de Ma\u00eetrise<\/strong> | <a href=\"https:\/\/iicbeirut.esteri.it\/fr\/lingua-e-cultura\/i-corsi-di-lingua\/methodes-et-niveaux\/niveau-avance-c2-niveau-de-maitrise\/\"><strong>Description compl\u00e8te &gt;<\/strong><\/a><br \/>\n\u00c0 la fin des cours du cycle C2, l&rsquo;\u00e9tudiant est capable de comprendre sans effort pratiquement tout ce qu&rsquo;il entend ou lit. Il peut r\u00e9sumer des informations provenant de sources diverses, tant orales qu&rsquo;\u00e9crites, et reconstituer des arguments et des parties informatives dans un texte coh\u00e9rent. Il s&rsquo;exprime spontan\u00e9ment, avec beaucoup d&rsquo;aisance et de pr\u00e9cision, et restitue distinctement les nuances subtiles du sens, m\u00eame dans des situations assez complexes.<\/p>\n","protected":false},"excerpt":{"rendered":"M\u00e9thodologie L\u2019Institut adopte une m\u00e9thodologie communicative qui se base sur les points suivants : R\u00f4le central de l\u2019\u00e9tudiant dans l&rsquo;apprentissage par le biais du travail en bin\u00f4me, du travail en groupe et de la prise en charge des r\u00f4les; l&rsquo;enseignant joue le r\u00f4le de facilitateur de communication; Pr\u00e9dominance de l\u2019utilisation de mat\u00e9riel authentique avec gradation [&hellip;]","protected":false},"author":6,"featured_media":0,"parent":112,"menu_order":2,"comment_status":"closed","ping_status":"closed","template":"","meta":{"footnotes":""},"class_list":["post-378","page","type-page","status-publish","hentry"],"_links":{"self":[{"href":"https:\/\/iicbeirut.esteri.it\/fr\/wp-json\/wp\/v2\/pages\/378","targetHints":{"allow":["GET"]}}],"collection":[{"href":"https:\/\/iicbeirut.esteri.it\/fr\/wp-json\/wp\/v2\/pages"}],"about":[{"href":"https:\/\/iicbeirut.esteri.it\/fr\/wp-json\/wp\/v2\/types\/page"}],"author":[{"embeddable":true,"href":"https:\/\/iicbeirut.esteri.it\/fr\/wp-json\/wp\/v2\/users\/6"}],"replies":[{"embeddable":true,"href":"https:\/\/iicbeirut.esteri.it\/fr\/wp-json\/wp\/v2\/comments?post=378"}],"version-history":[{"count":6,"href":"https:\/\/iicbeirut.esteri.it\/fr\/wp-json\/wp\/v2\/pages\/378\/revisions"}],"predecessor-version":[{"id":7893,"href":"https:\/\/iicbeirut.esteri.it\/fr\/wp-json\/wp\/v2\/pages\/378\/revisions\/7893"}],"up":[{"embeddable":true,"href":"https:\/\/iicbeirut.esteri.it\/fr\/wp-json\/wp\/v2\/pages\/112"}],"wp:attachment":[{"href":"https:\/\/iicbeirut.esteri.it\/fr\/wp-json\/wp\/v2\/media?parent=378"}],"curies":[{"name":"wp","href":"https:\/\/api.w.org\/{rel}","templated":true}]}}