{"id":238,"date":"2023-11-13T15:30:24","date_gmt":"2023-11-13T13:30:24","guid":{"rendered":"https:\/\/iicbeirut.esteri.it\/?page_id=238"},"modified":"2026-02-16T13:29:32","modified_gmt":"2026-02-16T11:29:32","slug":"calendrier-des-cours","status":"publish","type":"page","link":"https:\/\/iicbeirut.esteri.it\/fr\/lingua-e-cultura\/i-corsi-di-lingua\/calendrier-des-cours\/","title":{"rendered":"Calendrier et Co\u00fbts des Cours"},"content":{"rendered":"<p style=\"text-align: justify;\"><img loading=\"lazy\" decoding=\"async\" class=\"alignnone size-medium wp-image-234 img-fluid\" src=\"https:\/\/iicbeirut.esteri.it\/wp-content\/uploads\/2023\/11\/iic_marhaba_2016-300x300.jpg\" alt=\"\" width=\"300\" height=\"300\" srcset=\"https:\/\/iicbeirut.esteri.it\/wp-content\/uploads\/2023\/11\/iic_marhaba_2016-300x300.jpg 300w, https:\/\/iicbeirut.esteri.it\/wp-content\/uploads\/2023\/11\/iic_marhaba_2016-1021x1024.jpg 1021w, https:\/\/iicbeirut.esteri.it\/wp-content\/uploads\/2023\/11\/iic_marhaba_2016-150x150.jpg 150w, https:\/\/iicbeirut.esteri.it\/wp-content\/uploads\/2023\/11\/iic_marhaba_2016-768x770.jpg 768w, https:\/\/iicbeirut.esteri.it\/wp-content\/uploads\/2023\/11\/iic_marhaba_2016.jpg 1036w\" sizes=\"auto, (max-width: 300px) 100vw, 300px\" \/><\/p>\n<p style=\"text-align: justify;\"><strong>O\u00d9 ET QUAND S&rsquo;INSCRIRE<\/strong><\/p>\n<p style=\"text-align: justify;\"><strong>Secr\u00e9tariat des Cours IIC \u2013 Hamra<br \/>\n<\/strong>T\u00e9l. 01\/749801-2-3<br \/>\nWhatsApp 76\/462130<\/p>\n<p style=\"text-align: justify;\"><strong><u>Heures d&rsquo;ouverture<\/u><\/strong><strong><u><br \/>\n<\/u><\/strong>Du lundi au vendredi de 13h00 \u00e0 21h00<\/p>\n<p style=\"text-align: justify;\"><strong><u>P\u00e9riode d&rsquo;inscription<\/u><\/strong><strong><u><br \/>\n<\/u><\/strong>Il est possible de s\u2019inscrire \u00e0 tout moment de l&rsquo;ann\u00e9e. Contactez le secr\u00e9tariat des cours \u00e0 Hamra pour plus d&rsquo;informations sur les cours actifs.<\/p>\n<p style=\"text-align: justify;\"><strong><u>Conditions pr\u00e9alables<\/u><\/strong><strong><u><br \/>\n<\/u><\/strong>A l&rsquo;exception du 1<sup>er<\/sup> niveau, tous les autres niveaux sont accessibles sous r\u00e9serve de v\u00e9rification par le professeur que tous les objectifs linguistiques du cours imm\u00e9diatement inf\u00e9rieur aient \u00e9t\u00e9 atteints. Les \u00e9tudiants ayant d\u00e9j\u00e0 une exp\u00e9rience d\u2019apprentissage ailleurs devront passer un test d&rsquo;entr\u00e9e pour l&rsquo;attribution des niveaux.<\/p>\n<p style=\"text-align: justify;\"><strong><u>Structure des cours standards<\/u><\/strong><u><br \/>\n<\/u>Tous les cours standards (deux cours par semaine \/ 2 heures par cours) sont structur\u00e9s en cinq sessions, selon le calendrier suivant :<\/p>\n<table style=\"height: 237px;\" width=\"769\">\n<tbody>\n<tr>\n<td width=\"188\"><a href=\"https:\/\/iicbeirut.esteri.it\/wp-content\/uploads\/2026\/01\/Term-1-2026-12-Gennaio-26-Febbraio.pdf\"><strong>Session I 2026<\/strong><\/a><\/td>\n<td width=\"586\">12 janvier \u2013 26 f\u00e9vrier<\/td>\n<\/tr>\n<tr>\n<td width=\"188\"><a href=\"https:\/\/iicbeirut.esteri.it\/wp-content\/uploads\/2026\/01\/Term-2-2026-09-Marzo-17-Aprile.pdf\"><strong>Session 2 2026<\/strong><\/a><\/td>\n<td width=\"586\">09 mars \u2013 17 avril<\/td>\n<\/tr>\n<tr>\n<td width=\"188\"><a href=\"https:\/\/iicbeirut.esteri.it\/wp-content\/uploads\/2026\/01\/Term-3-2026-04-May-19-June.pdf\"><strong>Session 3 2026<\/strong><\/a><\/td>\n<td width=\"586\">04 mai \u2013 19 juin<\/td>\n<\/tr>\n<tr>\n<td width=\"188\"><a href=\"https:\/\/iicbeirut.esteri.it\/wp-content\/uploads\/2026\/01\/Term-4-2026-06-July-21-august.pdf\"><strong>Session 4 2026<\/strong><\/a><\/td>\n<td width=\"586\">06 juillet \u2013 21 ao\u00fbt<\/td>\n<\/tr>\n<tr>\n<td width=\"188\"><a href=\"https:\/\/iicbeirut.esteri.it\/wp-content\/uploads\/2026\/01\/Term-5-2026-01-September-16-October.pdf\"><strong>Session 5 2026<\/strong><\/a><\/td>\n<td width=\"586\">01 septembre \u2013 16 octobre<\/td>\n<\/tr>\n<tr>\n<td width=\"188\"><a href=\"https:\/\/iicbeirut.esteri.it\/wp-content\/uploads\/2026\/01\/Term-6-2026-02-November-16-December.pdf\"><strong>Session 6 2026<\/strong><\/a><\/td>\n<td width=\"586\">02 novembre \u2013 16 d\u00e9cembre<\/td>\n<\/tr>\n<tr>\n<td width=\"188\"><strong>Niveaux<\/strong><\/td>\n<td width=\"586\"><strong>Tous les niveaux, d\u00e8s que le nombre minimum requis d\u2019\u00e9tudiants est atteint<\/strong><\/td>\n<\/tr>\n<tr>\n<td width=\"188\"><strong>Manuels de langue<\/strong><\/td>\n<td width=\"586\"><strong><em>Nuovo Espresso 1, 2,\u00a03, 4, 5\u00a0<\/em><\/strong><em>e<strong>\u00a06<\/strong><\/em><\/td>\n<\/tr>\n<\/tbody>\n<\/table>\n<p style=\"text-align: justify;\">Les cours ont donc une dur\u00e9e d\u2019environ 7 semaines. <strong>Les enseignants peuvent changer \u00e0 chaque nouveau cours afin de garantir une meilleure exp\u00e9rience p\u00e9dagogique.<\/strong><\/p>\n<p style=\"text-align: justify;\"><strong><u>Structure du cours intensif<\/u><\/strong><u><br \/>\n<\/u>Les cours intensifs se d\u00e9roulent du lundi au jeudi, 3 heures par le\u00e7on, selon le calendrier suivant:<\/p>\n<table style=\"height: 107px;\" width=\"771\">\n<tbody>\n<tr>\n<td width=\"188\"><strong>Sessions Intensives <\/strong><strong>A.A. 2026<\/strong><\/td>\n<td width=\"624\"><a href=\"https:\/\/iicbeirut.esteri.it\/wp-content\/uploads\/2025\/12\/1o-Term-Intensivo-2026-12-Gennaio-04-Marzo.pdf\">12 janvier \u2013\u00a0 \u00a004 mars<\/a><\/p>\n<p><a href=\"https:\/\/iicbeirut.esteri.it\/wp-content\/uploads\/2025\/12\/2o-Term-Intensivo-2026-16-Marzo-07-Maggio.pdf\">16 mars &#8211; 07 mai<\/a><\/p>\n<p><a href=\"https:\/\/iicbeirut.esteri.it\/wp-content\/uploads\/2026\/01\/3-Intensive-2026-May-18th-July-07th.pdf\">18 mai &#8211; 07 juillet<\/a><\/p>\n<p><a href=\"https:\/\/iicbeirut.esteri.it\/wp-content\/uploads\/2026\/01\/4-Intensive-2026-July-20-September-10th.pdf\">20 juillet &#8211; 10 septembre<\/a><\/p>\n<p><a href=\"https:\/\/iicbeirut.esteri.it\/wp-content\/uploads\/2026\/01\/5-Intensive-2026-September-21st-November-19.pdf\">21 septembre &#8211; 19 novembre<\/a><\/td>\n<\/tr>\n<\/tbody>\n<\/table>\n<p style=\"text-align: justify;\"><strong><u>Co\u00fbts<\/u><\/strong><\/p>\n<table style=\"height: 387px;\" width=\"772\">\n<tbody>\n<tr>\n<td width=\"217\"><em>Cours r\u00e9guliers<\/em> :<\/td>\n<td width=\"595\">\n<ul>\n<li>Niveaux A1, A2, B1: modules de 25 heures d&rsquo;enseignement (4 heures par semaine): 105 USD (en ligne) ou 130 USD (en pr\u00e9sentiel)<\/li>\n<li>Niveaux B2, C1, C2: modules de 50 heures d&rsquo;enseignement (4 heures par semaine): 210 USD (en ligne) ou 260 USD (en pr\u00e9sentiel)<\/li>\n<\/ul>\n<\/td>\n<\/tr>\n<tr>\n<td width=\"217\"><em>Cours intensifs<\/em> :<\/td>\n<td width=\"595\">\n<ul>\n<li style=\"text-align: justify;\">Trois modules (A1, A2, B1) de 100 heures d&rsquo;enseignement (12 heures par semaine) : 410 USD (en ligne) ou 520 USD (en pr\u00e9sentiel)<\/li>\n<li style=\"text-align: justify;\">Un module (B2) de 150 heures d&rsquo;enseignement (12 heures par semaine) : 620 USD (en ligne) ou 770 USD (en pr\u00e9sentiel)<\/li>\n<\/ul>\n<\/td>\n<\/tr>\n<tr style=\"text-align: justify;\">\n<td width=\"217\"><em>Cours particuliers en ligne<\/em> :<\/td>\n<td width=\"595\">\n<ul>\n<li>Cours individuel : 10 heures\/$300<\/li>\n<li>Cours semi-priv\u00e9 (2 personnes) : 10 heures\/$225\u00a0 par personne<\/li>\n<li>Cours semi-priv\u00e9 (3 personnes) : 10 heures\/$150 par personne<\/li>\n<\/ul>\n<\/td>\n<\/tr>\n<tr>\n<td style=\"text-align: justify;\" width=\"217\"><em>Cours particuliers en pr\u00e9sentiel<\/em> <strong>:<\/strong><\/td>\n<td style=\"text-align: justify;\" width=\"595\">\n<ul>\n<li>Cours individuel : 10 heures\/$400<\/li>\n<li>Cours semi-priv\u00e9 (2 personnes) : 10 heures\/$300\u00a0 par personne<\/li>\n<li>Cours semi-priv\u00e9 (3 personnes) : 10 heures\/$200 par personne<\/li>\n<\/ul>\n<\/td>\n<\/tr>\n<\/tbody>\n<\/table>\n<p style=\"text-align: justify;\"><em><strong>Les frais d&rsquo;inscription ne comprennent <\/strong><\/em><strong><em><u>PAS<\/u><\/em><\/strong> <em><strong>le manuel d\u2019apprentissage.<\/strong><\/em><\/p>\n<ul style=\"text-align: justify;\">\n<li>Cliquez <a href=\"https:\/\/iicbeirut.esteri.it\/wp-content\/uploads\/2025\/05\/Calendario-Livelli-Corsi-Standard-e-Costi_Third_Term.pdf\"><strong>ICI<\/strong><\/a> pour un <strong>tableau r\u00e9capitulatif des cours Standards offerts et des co\u00fbts<\/strong>.<\/li>\n<li>Cliquez <a href=\"https:\/\/iicbeirut.esteri.it\/wp-content\/uploads\/2025\/05\/Calendario-Livelli-Corsi-Intensivi-e-Costi_Single_Term.pdf\"><strong>ICI<\/strong><\/a> pour un <strong>tableau r\u00e9capitulatif des cours Intensifs offerts et des co\u00fbts<\/strong>.<\/li>\n<li>Cliquez <a href=\"https:\/\/iicbeirut.esteri.it\/wp-content\/uploads\/2024\/12\/Istruzioni-per-i-corsi-di-lingua.pdf\"><strong>ICI<\/strong><\/a> pour <strong>informations sur comment installer Microsoft Teams et pour d&rsquo;importantes informations sur les cours<\/strong><\/li>\n<\/ul>\n<p style=\"text-align: justify;\"><strong><u>Remboursements<\/u><\/strong><strong><u><br \/>\n<\/u><\/strong>L&rsquo;Institut ne rembourse les droits d&rsquo;inscription vers\u00e9s que si la classe ne se forme pas faute d&rsquo;atteindre le nombre minimum d&rsquo;\u00e9tudiants.<br \/>\nDans tous les autres cas, les droits d&rsquo;inscription, une fois pay\u00e9s, ne sont ni rembours\u00e9s ni transf\u00e9r\u00e9s \u00e0 d&rsquo;autres cours.<\/p>\n<p style=\"text-align: justify;\"><strong><u>Politique d\u2019annulation des cours particuliers :<br \/>\n<\/u><\/strong>Les cours peuvent \u00eatre annul\u00e9s et reprogramm\u00e9s en fonction de la disponibilit\u00e9 de l\u2019enseignant uniquement s\u2019ils sont annul\u00e9s avec un pr\u00e9avis d\u2019au moins 24 heures ouvrables, communiqu\u00e9 exclusivement pendant les heures d\u2019ouverture de l\u2019Institut (lun\u2013jeu 9h00\u201316h00, ven 9h00\u201312h00). Pour les cours du lundi, les annulations doivent \u00eatre signal\u00e9es avant le vendredi pr\u00e9c\u00e9dent \u00e0 12h00.<\/p>\n<p style=\"text-align: justify;\"><strong>COMMENT S&rsquo;INSCRIRE<\/strong><\/p>\n<p style=\"text-align: justify;\"><a href=\"https:\/\/iicbeirut.esteri.it\/wp-content\/uploads\/2026\/02\/IIC-BEIRUT-Fillable-Enrollment-Request-Form.pdf\" target=\"_blank\" rel=\"noopener\"><strong>TELECHARGER ICI LE FORMULAIRE DE DEMANDE D&rsquo;INSCRIPTION AU COURS<\/strong><\/a><\/p>\n<p style=\"text-align: justify;\">Remplir et envoyer le formulaire d&rsquo;inscription \u00e0 : <a href=\"mailto:iiclibano@hotmail.com\">iiclibano@hotmail.com<\/a> ou <a href=\"mailto:iicbeirut.corsi@esteri.it\">iicbeirut.corsi@esteri.it<\/a><\/p>\n<p style=\"text-align: justify;\">Le Secr\u00e9tariat vous contactera par la suite pour proc\u00e9der \u00e0 l\u2019inscription.<\/p>\n<p style=\"text-align: justify;\">Pour plus d&rsquo;informations, appelez-nous aux num\u00e9ros ci-dessus ou envoyez-nous un courriel.<\/p>\n","protected":false},"excerpt":{"rendered":"O\u00d9 ET QUAND S&rsquo;INSCRIRE Secr\u00e9tariat des Cours IIC \u2013 Hamra T\u00e9l. 01\/749801-2-3 WhatsApp 76\/462130 Heures d&rsquo;ouverture Du lundi au vendredi de 13h00 \u00e0 21h00 P\u00e9riode d&rsquo;inscription Il est possible de s\u2019inscrire \u00e0 tout moment de l&rsquo;ann\u00e9e. Contactez le secr\u00e9tariat des cours \u00e0 Hamra pour plus d&rsquo;informations sur les cours actifs. Conditions pr\u00e9alables A l&rsquo;exception du [&hellip;]","protected":false},"author":6,"featured_media":234,"parent":112,"menu_order":0,"comment_status":"closed","ping_status":"closed","template":"","meta":{"footnotes":""},"class_list":["post-238","page","type-page","status-publish","has-post-thumbnail","hentry"],"_links":{"self":[{"href":"https:\/\/iicbeirut.esteri.it\/fr\/wp-json\/wp\/v2\/pages\/238","targetHints":{"allow":["GET"]}}],"collection":[{"href":"https:\/\/iicbeirut.esteri.it\/fr\/wp-json\/wp\/v2\/pages"}],"about":[{"href":"https:\/\/iicbeirut.esteri.it\/fr\/wp-json\/wp\/v2\/types\/page"}],"author":[{"embeddable":true,"href":"https:\/\/iicbeirut.esteri.it\/fr\/wp-json\/wp\/v2\/users\/6"}],"replies":[{"embeddable":true,"href":"https:\/\/iicbeirut.esteri.it\/fr\/wp-json\/wp\/v2\/comments?post=238"}],"version-history":[{"count":7,"href":"https:\/\/iicbeirut.esteri.it\/fr\/wp-json\/wp\/v2\/pages\/238\/revisions"}],"predecessor-version":[{"id":12890,"href":"https:\/\/iicbeirut.esteri.it\/fr\/wp-json\/wp\/v2\/pages\/238\/revisions\/12890"}],"up":[{"embeddable":true,"href":"https:\/\/iicbeirut.esteri.it\/fr\/wp-json\/wp\/v2\/pages\/112"}],"wp:featuredmedia":[{"embeddable":true,"href":"https:\/\/iicbeirut.esteri.it\/fr\/wp-json\/wp\/v2\/media\/234"}],"wp:attachment":[{"href":"https:\/\/iicbeirut.esteri.it\/fr\/wp-json\/wp\/v2\/media?parent=238"}],"curies":[{"name":"wp","href":"https:\/\/api.w.org\/{rel}","templated":true}]}}