{"id":134,"date":"2023-04-03T20:32:25","date_gmt":"2023-04-03T17:32:25","guid":{"rendered":"https:\/\/iicbeirut.esteri.it\/amministrazione-trasparente\/"},"modified":"2023-11-21T11:42:24","modified_gmt":"2023-11-21T09:42:24","slug":"amministrazione-trasparente","status":"publish","type":"page","link":"https:\/\/iicbeirut.esteri.it\/fr\/amministrazione-trasparente\/","title":{"rendered":"Administration transparente"},"content":{"rendered":"<p style=\"text-align: justify;\">Les Ambassades, les Consulats et les Instituts culturels italiens sont des organismes reli\u00e9s au Minist\u00e8re des Affaires \u00e9trang\u00e8res et de la Coop\u00e9ration internationale, qui garantit la transparence de ses donn\u00e9es \u00e0 travers la section \u00ab <a href=\"https:\/\/www.esteri.it\/it\/trasparenza_comunicazioni_legali\/\">Administration transparente<\/a> \u00bb du site www.esteri.it.<\/p>\n<p style=\"text-align: justify;\">En r\u00e8gle g\u00e9n\u00e9rale, les sections du site de l\u2019Institut culturel italien de Beyrouth concernant la transparence des donn\u00e9es redirigent vers les sections respectives du site de l\u2019administration centrale. Pour plus d\u2019informations, consultez la version italienne de cette page.<\/p>\n<p style=\"text-align: justify;\">Pour des renseignements concernant les initiatives anti-corruption du gouvernement italien, consultez le site de l\u2019<a href=\"https:\/\/www.anticorruzione.it\">ANAC<\/a> (Autorit\u00e9 nationale de lutte contre la corruption).<\/p>\n","protected":false},"excerpt":{"rendered":"Les Ambassades, les Consulats et les Instituts culturels italiens sont des organismes reli\u00e9s au Minist\u00e8re des Affaires \u00e9trang\u00e8res et de la Coop\u00e9ration internationale, qui garantit la transparence de ses donn\u00e9es \u00e0 travers la section \u00ab Administration transparente \u00bb du site www.esteri.it. En r\u00e8gle g\u00e9n\u00e9rale, les sections du site de l\u2019Institut culturel italien de Beyrouth concernant [&hellip;]","protected":false},"author":1,"featured_media":0,"parent":0,"menu_order":10,"comment_status":"closed","ping_status":"closed","template":"","meta":{"footnotes":""},"class_list":["post-134","page","type-page","status-publish","hentry"],"_links":{"self":[{"href":"https:\/\/iicbeirut.esteri.it\/fr\/wp-json\/wp\/v2\/pages\/134","targetHints":{"allow":["GET"]}}],"collection":[{"href":"https:\/\/iicbeirut.esteri.it\/fr\/wp-json\/wp\/v2\/pages"}],"about":[{"href":"https:\/\/iicbeirut.esteri.it\/fr\/wp-json\/wp\/v2\/types\/page"}],"author":[{"embeddable":true,"href":"https:\/\/iicbeirut.esteri.it\/fr\/wp-json\/wp\/v2\/users\/1"}],"replies":[{"embeddable":true,"href":"https:\/\/iicbeirut.esteri.it\/fr\/wp-json\/wp\/v2\/comments?post=134"}],"version-history":[{"count":3,"href":"https:\/\/iicbeirut.esteri.it\/fr\/wp-json\/wp\/v2\/pages\/134\/revisions"}],"predecessor-version":[{"id":566,"href":"https:\/\/iicbeirut.esteri.it\/fr\/wp-json\/wp\/v2\/pages\/134\/revisions\/566"}],"wp:attachment":[{"href":"https:\/\/iicbeirut.esteri.it\/fr\/wp-json\/wp\/v2\/media?parent=134"}],"curies":[{"name":"wp","href":"https:\/\/api.w.org\/{rel}","templated":true}]}}