{"id":122,"date":"2023-04-03T20:57:00","date_gmt":"2023-04-03T17:57:00","guid":{"rendered":"https:\/\/iicbeirut.esteri.it\/lingua-e-cultura\/premi-alla-traduzione\/"},"modified":"2023-11-14T18:14:27","modified_gmt":"2023-11-14T16:14:27","slug":"premi-alla-traduzione","status":"publish","type":"page","link":"https:\/\/iicbeirut.esteri.it\/fr\/lingua-e-cultura\/premi-alla-traduzione\/","title":{"rendered":"Prix \u200b\u200bde traduction"},"content":{"rendered":"<p style=\"text-align: justify;\">Dans le but de soutenir la diffusion maximale du livre italien, le Minist\u00e8re des Affaires\u00a0\u00c9trang\u00e8res et de la Coop\u00e9ration Internationale offre des prix et des contributions pour la traduction d&rsquo;\u0153uvres litt\u00e9raires et scientifiques italiennes, qui s&rsquo;\u00e9tendent \u00e9galement au doublage et au sous-titrage de courts et longs m\u00e9trages ainsi que\u00a0 de s\u00e9ries t\u00e9l\u00e9vis\u00e9es destin\u00e9es aux m\u00e9dias de masse.<\/p>\n<p style=\"text-align: justify;\">Pour conna\u00eetre les objectifs de l&rsquo;initiative et toutes les normes et les r\u00e9glementations pertinentes, veuillez vous r\u00e9f\u00e9rer \u00e0 l&rsquo;<a href=\"https:\/\/www.esteri.it\/en\/diplomazia-culturale-e-diplomazia-scientifica\/cultura\/sostegno-alleditoria\/promozionelibroitaliano\/\">Avis 2023<\/a>.<\/p>\n<p style=\"text-align: justify;\">La demande d\u2019obtention de contributions doit \u00eatre pr\u00e9sent\u00e9e avant le 5 mai 2023.<\/p>\n","protected":false},"excerpt":{"rendered":"Dans le but de soutenir la diffusion maximale du livre italien, le Minist\u00e8re des Affaires\u00a0\u00c9trang\u00e8res et de la Coop\u00e9ration Internationale offre des prix et des contributions pour la traduction d&rsquo;\u0153uvres litt\u00e9raires et scientifiques italiennes, qui s&rsquo;\u00e9tendent \u00e9galement au doublage et au sous-titrage de courts et longs m\u00e9trages ainsi que\u00a0 de s\u00e9ries t\u00e9l\u00e9vis\u00e9es destin\u00e9es aux m\u00e9dias [&hellip;]","protected":false},"author":1,"featured_media":0,"parent":110,"menu_order":12,"comment_status":"closed","ping_status":"closed","template":"","meta":{"footnotes":""},"class_list":["post-122","page","type-page","status-publish","hentry"],"_links":{"self":[{"href":"https:\/\/iicbeirut.esteri.it\/fr\/wp-json\/wp\/v2\/pages\/122","targetHints":{"allow":["GET"]}}],"collection":[{"href":"https:\/\/iicbeirut.esteri.it\/fr\/wp-json\/wp\/v2\/pages"}],"about":[{"href":"https:\/\/iicbeirut.esteri.it\/fr\/wp-json\/wp\/v2\/types\/page"}],"author":[{"embeddable":true,"href":"https:\/\/iicbeirut.esteri.it\/fr\/wp-json\/wp\/v2\/users\/1"}],"replies":[{"embeddable":true,"href":"https:\/\/iicbeirut.esteri.it\/fr\/wp-json\/wp\/v2\/comments?post=122"}],"version-history":[{"count":3,"href":"https:\/\/iicbeirut.esteri.it\/fr\/wp-json\/wp\/v2\/pages\/122\/revisions"}],"predecessor-version":[{"id":482,"href":"https:\/\/iicbeirut.esteri.it\/fr\/wp-json\/wp\/v2\/pages\/122\/revisions\/482"}],"up":[{"embeddable":true,"href":"https:\/\/iicbeirut.esteri.it\/fr\/wp-json\/wp\/v2\/pages\/110"}],"wp:attachment":[{"href":"https:\/\/iicbeirut.esteri.it\/fr\/wp-json\/wp\/v2\/media?parent=122"}],"curies":[{"name":"wp","href":"https:\/\/api.w.org\/{rel}","templated":true}]}}