{"id":118,"date":"2023-04-03T20:56:23","date_gmt":"2023-04-03T17:56:23","guid":{"rendered":"https:\/\/iicbeirut.esteri.it\/lingua-e-cultura\/studiare-in-italia\/"},"modified":"2023-11-14T15:59:24","modified_gmt":"2023-11-14T13:59:24","slug":"studiare-in-italia","status":"publish","type":"page","link":"https:\/\/iicbeirut.esteri.it\/fr\/lingua-e-cultura\/studiare-in-italia\/","title":{"rendered":"Etudier en Italie"},"content":{"rendered":"<p style=\"text-align: center;\"><strong><span style=\"color: #ff0000;\">\u00c9TUDIER DANS LES UNIVERSIT\u00c9S ITALIENNES POUR L&rsquo;ANN\u00c9E ACAD\u00c9MIQUE 2023-2024<\/span><\/strong><br \/>\n<strong><span style=\"color: #ff0000;\">INSCRIPTION DES ETUDIANTS ETRANGERS EXTRA-UE<\/span><\/strong><\/p>\n<p style=\"text-align: justify;\">Nouvelles dispositions adopt\u00e9es pour l&rsquo;ann\u00e9e universitaire en cours par les autorit\u00e9s minist\u00e9rielles italiennes concernant l&rsquo;inscription des \u00e9tudiants \u00e9trangers extra-UE \u00e0 tous les cursus de Licence [Laurea] \/ Master [Laurea Magistrale] \/ Licence-Master \u00e0 cycle unique [Laurea Magistrale a Ciclo Unico] <em>(Universit\u00e9s\/\u00c9coles polytechniques)<\/em>, ainsi qu\u2019aux cours de Dipl\u00f4me Acad\u00e9mique de 1er\/2e niveau aupr\u00e8s des institutions de Haute Formation Artistique et Musicale [Alta Formazione Artistica e Musicale-AFAM] <em>(Acad\u00e9mies de Beaux-Arts, Acad\u00e9mie Nationale de Danse, Acad\u00e9mie Nationale d\u2019Art Dramatique, Acad\u00e9mies de Beaux-Arts L\u00e9galement Reconnues, Conservatoires de Musique, Instituts Musicaux Parifi\u00e9s et Instituts Sup\u00e9rieurs pour les Industries Artistiques)<\/em>.<\/p>\n<p style=\"text-align: justify;\">Pour d&rsquo;autres informations cliquez <strong><a href=\"https:\/\/iicbeirut.esteri.it\/wp-content\/uploads\/2023\/11\/nuovo_annuncio_iscrizioni_2023_2024_eng.pdf\" target=\"_blank\" rel=\"noopener\">ICI<\/a><\/strong>.<\/p>\n<p style=\"text-align: center;\">&#8212;&#8212;&#8212;&#8212;&#8212;&#8212;&#8212;&#8212;&#8212;&#8212;&#8212;&#8212;&#8212;&#8212;&#8212;&#8212;&#8212;&#8212;&#8212;&#8211;<\/p>\n<p style=\"text-align: center;\"><strong>INFORMATIONS G\u00c9N\u00c9RALES<\/strong><\/p>\n<p class=\"titoloNotizia\"><strong>UNIVERSIT\u00c9S<\/strong><\/p>\n<p>Des informations d\u2019int\u00e9r\u00eat g\u00e9n\u00e9ral sur l\u2019organisation et le fonctionnement des Universit\u00e9s italiennes se trouvent dans la rubrique du site du <strong><a href=\"http:\/\/www.miur.it\/0002Univer\/index_cf2.htm\" target=\"_blank\" rel=\"noopener\">Minist\u00e8re de l\u2019Instruction de l\u2019Universit\u00e9 et de la Recherche <\/a><\/strong>(MIUR)<\/p>\n<p><span class=\"titoloNotizia\"><strong>Lesquelles et combien y en a-t-il?<\/strong><br \/>\n<\/span><br \/>\nLa liste compl\u00e8te des universit\u00e9s peut \u00eatre consult\u00e9e \u00e0 travers:<\/p>\n<ul>\n<li><a href=\"https:\/\/studyinitaly.esteri.it\/en\/home_borse\">STUDY IN ITALY<\/a><\/li>\n<li><a href=\"https:\/\/cercauniversita.cineca.it\/index.php?module=strutture&amp;page=StructureSearchParams&amp;advanced_serch=1\">Le\u00a0moteur de recherche du MIUR<\/a><\/li>\n<li><a href=\"htttps:\/\/www.universitaly.it\">Universitaly<\/a><\/li>\n<li><a href=\"https:\/\/www.crui.it\" target=\"_blank\" rel=\"noopener\">La page\u00a0d\u00e9di\u00e9e de la CRUI <\/a>(Conf\u00e9rence des Recteurs des Universit\u00e9s Italiennes)<\/li>\n<\/ul>\n<p><span class=\"titoloNotizia\"><strong><a href=\"http:\/\/www.studiare-in-italia.it\/studentistranieri\/\" target=\"_self\" rel=\"noopener\">Inscriptions des \u00e9tudiants \u00e9trangers<\/a><\/strong><\/span><\/p>\n<p>Les \u00e9tudiants \u00e9trangers qui veulent faire des \u00e9tudes au sein des Universit\u00e9s italiennes, trouveront des informations utiles sur les places qui leur sont destin\u00e9es, \u00e0 travers<strong>\u00a0<\/strong><a href=\"https:\/\/www.cineca.it\/\" target=\"_blank\" rel=\"noopener\"><strong>le moteur de recherche Cineca <\/strong><\/a>et sur <a href=\"http:\/\/www.miur.it\/0002Univer\/0023Studen\/0059Studen\/0619docume\/4794Dispos_cf2.htm\" target=\"_blank\" rel=\"noopener\">une rubrique\u00a0appropri\u00e9e du site<strong> MIUR<\/strong><\/a>.<\/p>\n<p class=\"titoloNotizia\"><strong>\u00c9COLES<\/strong><\/p>\n<p>Sur le site du\u00a0<a href=\"http:\/\/www.istruzione.it\/index.shtml\" target=\"_blank\" rel=\"noopener\">Minist\u00e8re de l&rsquo;Instruction de l&rsquo;Universit\u00e9 et de la Recherche <\/a>(MIUR), l\u2019on trouve des informations g\u00e9n\u00e9rales sur le syst\u00e8me scolaire italien et d\u2019autres informations utiles.<\/p>\n<p><span class=\"titoloNotizia\">Quelles sont-elles et combien y en a-t-il?<br \/>\n<\/span><br \/>\nLa liste des diff\u00e9rentes \u00e9coles peut \u00eatre consult\u00e9e \u00e0 travers les moteurs de recherche suivants:<\/p>\n<ul>\n<li><a href=\"http:\/\/www.istruzione.it\/anagrafica_scuole\/statali.shtml\" target=\"_blank\" rel=\"noopener\">\u00c9coled d&rsquo;\u00c9tat<\/a><\/li>\n<li><a href=\"http:\/\/www.istruzione.it\/anagrafica_scuole\/nonstatali.shtml\" target=\"_blank\" rel=\"noopener\">\u00c9coles Priv\u00e9es<\/a><\/li>\n<li><a href=\"http:\/\/www.alboscuole.it\/albo.asp\" target=\"_blank\" rel=\"noopener\">\u00ab\u00a0Alboscuola\u00a0\u00bb<\/a><\/li>\n<\/ul>\n<p class=\"titoloNotizia\">HAUTE FORMATION ARTISTIQUE ET MUSICALE<\/p>\n<p><a href=\"http:\/\/www.miur.it\/0004Alta_F\/0027Istitu\/index_cf4.htm\" target=\"_blank\" rel=\"noopener\">Liste compl\u00e8te des\u00a0Acad\u00e9mies, des Conservatoires et des Instituts de Haute Formation Artistique et Musicale<\/a><\/p>\n<p><span class=\"titoloNotizia\">DEVENIR\u00a0PROFESSEUR D&rsquo;ITALIEN COMME\u00a0LANGUE \u00c9TRANG\u00c8RE<\/span><\/p>\n<ul>\n<li><a href=\"http:\/\/venus.unive.it\/italslab\/index.php\" target=\"_blank\" rel=\"noopener\">Projet ITALS <\/a>&#8211; D\u00e9partement des Sciences du Langage de l\u2019Universit\u00e9 de C\u00e0 Foscari de Venise<\/li>\n<li><a href=\"http:\/\/www.unistrasi.it\/pages\/1.asp?cod=40\" target=\"_blank\" rel=\"noopener\">DITALS<\/a> &#8211; Certificat permettant d\u2019enseigner l\u2019italien aux \u00e9trangers \u2013 Universit\u00e9 pour \u00c9trangers de Sienne.<\/li>\n<li><a href=\"http:\/\/www.unistrapg.it\/italiano\/didattica\/laurea_primo\/ilis\/\" target=\"_blank\" rel=\"noopener\">\u00ab\u00a0Laurea\u00a0\u00bb\u00a0pour l&rsquo;enseignement de la langue et de la culture italiennes aux \u00e9trangers<\/a> &#8211; Universit\u00e9 pour \u00c9trangers de P\u00e9rouse<\/li>\n<\/ul>\n<p><strong>R\u00e9sidences universitaires.<br \/>\n<\/strong><a href=\"http:\/\/www.collegiuniversitari.it\/\">Offerte della Conferenza dei Collegi Universitari<\/a><br \/>\n<a href=\"http:\/\/www.fondazionerui.it\/\">collegi della Fondazione RUI <\/a><br \/>\n<a href=\"http:\/\/www.camplus.it\/\">Camplus<br \/>\n<\/a><br \/>\n<em>L&rsquo;Ambassade d&rsquo;Italie au Liban et le Minist\u00e8re des Affaires \u00c8trang\u00e8res italien n&rsquo;assume pas aucune responsabilit\u00e9 pour d&rsquo;\u00e9ventuels dommages d\u00e9rivants du choix d&rsquo;une des susdites r\u00e9sidences universitaires.<br \/>\n<\/em><\/p>\n","protected":false},"excerpt":{"rendered":"\u00c9TUDIER DANS LES UNIVERSIT\u00c9S ITALIENNES POUR L&rsquo;ANN\u00c9E ACAD\u00c9MIQUE 2023-2024 INSCRIPTION DES ETUDIANTS ETRANGERS EXTRA-UE Nouvelles dispositions adopt\u00e9es pour l&rsquo;ann\u00e9e universitaire en cours par les autorit\u00e9s minist\u00e9rielles italiennes concernant l&rsquo;inscription des \u00e9tudiants \u00e9trangers extra-UE \u00e0 tous les cursus de Licence [Laurea] \/ Master [Laurea Magistrale] \/ Licence-Master \u00e0 cycle unique [Laurea Magistrale a Ciclo Unico] (Universit\u00e9s\/\u00c9coles [&hellip;]","protected":false},"author":1,"featured_media":0,"parent":110,"menu_order":8,"comment_status":"closed","ping_status":"closed","template":"","meta":{"footnotes":""},"class_list":["post-118","page","type-page","status-publish","hentry"],"_links":{"self":[{"href":"https:\/\/iicbeirut.esteri.it\/fr\/wp-json\/wp\/v2\/pages\/118","targetHints":{"allow":["GET"]}}],"collection":[{"href":"https:\/\/iicbeirut.esteri.it\/fr\/wp-json\/wp\/v2\/pages"}],"about":[{"href":"https:\/\/iicbeirut.esteri.it\/fr\/wp-json\/wp\/v2\/types\/page"}],"author":[{"embeddable":true,"href":"https:\/\/iicbeirut.esteri.it\/fr\/wp-json\/wp\/v2\/users\/1"}],"replies":[{"embeddable":true,"href":"https:\/\/iicbeirut.esteri.it\/fr\/wp-json\/wp\/v2\/comments?post=118"}],"version-history":[{"count":5,"href":"https:\/\/iicbeirut.esteri.it\/fr\/wp-json\/wp\/v2\/pages\/118\/revisions"}],"predecessor-version":[{"id":461,"href":"https:\/\/iicbeirut.esteri.it\/fr\/wp-json\/wp\/v2\/pages\/118\/revisions\/461"}],"up":[{"embeddable":true,"href":"https:\/\/iicbeirut.esteri.it\/fr\/wp-json\/wp\/v2\/pages\/110"}],"wp:attachment":[{"href":"https:\/\/iicbeirut.esteri.it\/fr\/wp-json\/wp\/v2\/media?parent=118"}],"curies":[{"name":"wp","href":"https:\/\/api.w.org\/{rel}","templated":true}]}}