{"id":116,"date":"2023-04-03T20:56:11","date_gmt":"2023-04-03T17:56:11","guid":{"rendered":"https:\/\/iicbeirut.esteri.it\/lingua-e-cultura\/certificazioni\/"},"modified":"2025-05-09T14:50:38","modified_gmt":"2025-05-09T11:50:38","slug":"certificazioni","status":"publish","type":"page","link":"https:\/\/iicbeirut.esteri.it\/fr\/lingua-e-cultura\/certificazioni\/","title":{"rendered":"Certifications"},"content":{"rendered":"<p><strong>La Certification de l\u2019Italien comme langue \u00e9trang\u00e8re.<\/strong><\/p>\n<p>Les Certifications d\u2019Italien sont des titres qui attestent le niveau de comp\u00e9tence communicative\u00a0de la langue italienne comme langue \u00e9trang\u00e8re. Ils sont destin\u00e9s \u00e0 tous les ressortissants \u00e9trangers, les ressortissants italiens r\u00e9sidant \u00e0 l\u2019\u00e9tranger (descendants d\u2019\u00e9migr\u00e9s italiens) et aux \u00e9migr\u00e9s \u00e9trangers r\u00e9sidant en Italie.<\/p>\n<p>Pour participer aux \u00e9preuves, il n\u2019est pas n\u00e9cessaire d\u2019avoir un niveau d\u2019\u00e9tudes sp\u00e9cifique.<\/p>\n<p>Il est possible de pr\u00e9senter l&rsquo;examen de certification CILS de l&rsquo;Universit\u00e9 pour \u00c9trangers de Sienne aupr\u00e8s de l&rsquo;Institut Culturel Italien de Beirut.<\/p>\n<p>Per plus d&rsquo;informations, contactez-nous aupr\u00e8s de nos bureaux de Hamra aux numeros 01-749 801 \/ 802 | WhatsApp seulement: 76\/462130<\/p>\n","protected":false},"excerpt":{"rendered":"La Certification de l\u2019Italien comme langue \u00e9trang\u00e8re. Les Certifications d\u2019Italien sont des titres qui attestent le niveau de comp\u00e9tence communicative\u00a0de la langue italienne comme langue \u00e9trang\u00e8re. Ils sont destin\u00e9s \u00e0 tous les ressortissants \u00e9trangers, les ressortissants italiens r\u00e9sidant \u00e0 l\u2019\u00e9tranger (descendants d\u2019\u00e9migr\u00e9s italiens) et aux \u00e9migr\u00e9s \u00e9trangers r\u00e9sidant en Italie. Pour participer aux \u00e9preuves, il [&hellip;]","protected":false},"author":1,"featured_media":0,"parent":110,"menu_order":4,"comment_status":"closed","ping_status":"closed","template":"","meta":{"footnotes":""},"class_list":["post-116","page","type-page","status-publish","hentry"],"_links":{"self":[{"href":"https:\/\/iicbeirut.esteri.it\/fr\/wp-json\/wp\/v2\/pages\/116","targetHints":{"allow":["GET"]}}],"collection":[{"href":"https:\/\/iicbeirut.esteri.it\/fr\/wp-json\/wp\/v2\/pages"}],"about":[{"href":"https:\/\/iicbeirut.esteri.it\/fr\/wp-json\/wp\/v2\/types\/page"}],"author":[{"embeddable":true,"href":"https:\/\/iicbeirut.esteri.it\/fr\/wp-json\/wp\/v2\/users\/1"}],"replies":[{"embeddable":true,"href":"https:\/\/iicbeirut.esteri.it\/fr\/wp-json\/wp\/v2\/comments?post=116"}],"version-history":[{"count":3,"href":"https:\/\/iicbeirut.esteri.it\/fr\/wp-json\/wp\/v2\/pages\/116\/revisions"}],"predecessor-version":[{"id":9962,"href":"https:\/\/iicbeirut.esteri.it\/fr\/wp-json\/wp\/v2\/pages\/116\/revisions\/9962"}],"up":[{"embeddable":true,"href":"https:\/\/iicbeirut.esteri.it\/fr\/wp-json\/wp\/v2\/pages\/110"}],"wp:attachment":[{"href":"https:\/\/iicbeirut.esteri.it\/fr\/wp-json\/wp\/v2\/media?parent=116"}],"curies":[{"name":"wp","href":"https:\/\/api.w.org\/{rel}","templated":true}]}}