{"id":112,"date":"2023-04-03T20:55:37","date_gmt":"2023-04-03T17:55:37","guid":{"rendered":"https:\/\/iicbeirut.esteri.it\/lingua-e-cultura\/i-corsi-di-lingua\/"},"modified":"2025-05-09T17:06:16","modified_gmt":"2025-05-09T14:06:16","slug":"i-corsi-di-lingua","status":"publish","type":"page","link":"https:\/\/iicbeirut.esteri.it\/fr\/lingua-e-cultura\/i-corsi-di-lingua\/","title":{"rendered":"Cours de langues"},"content":{"rendered":"<p style=\"text-align: justify;\">L\u2019Institut Culturel Italien\u00a0propose des cours de langue et de culture italiennes de diff\u00e9rents niveaux en harmonie avec le Cadre\u00a0Commun Europ\u00e9en de R\u00e9f\u00e9rence pour les Langues du niveau A1 au niveau C1 (pour de plus amples informations sur la subdivision des niveaux\u00a0consultez <a>www.iicbeirut.esteri.it<\/a>, \u00ab\u00a0Les cours de langue).<\/p>\n<p style=\"text-align: justify;\"><strong>Les niveaux du Cadre Europ\u00e9en de R\u00e9f\u00e9rence se subdivisent en sous-niveaux de six semaines environ, r\u00e9partis pendant toute l&rsquo;ann\u00e9e sur quatre sessions r\u00e9guli\u00e8res de trois mois chacune :<\/strong> session d&rsquo;automne (d&rsquo;octobre \u00e0 d\u00e9cembre), session d&rsquo;hiver (de janvier \u00e0 mars), session du printemps (d&rsquo;avril \u00e0 juin), session d&rsquo;\u00e9t\u00e9 (de juillet \u00e0 septembre). L&rsquo;\u00e9tudiant peux choisir entre des cours du matin, de l&rsquo;apr\u00e8s-midi ou du soir.<\/p>\n<p style=\"text-align: justify;\"><strong>Cours de langue extensifs:<\/strong> 4 heures h\u00e9bdomadaires.<\/p>\n<p style=\"text-align: justify;\"><strong>Cours de langue intensifs:<\/strong> 12 heures h\u00e9bdomadaires. Les cours commencent en septembre et terminent en mai. Indiqu\u00e9s comme cours pr\u00e9paratoires pour les jeunes\u00a0qui veulent faire leurs \u00e9tudes universitaires en Italie.<\/p>\n<p style=\"text-align: justify;\"><strong>Cours d&rsquo;italien pour enfants:<\/strong> 2 heures h\u00e9bdomadaires.<\/p>\n<p style=\"text-align: justify;\">L\u2019Institut organise en outre, sur demande et sous condition d\u2019atteindre un nombre minimum de participants, les cours suivants :<\/p>\n<p style=\"text-align: justify;\"><strong>Cours de conversation et de culture:<\/strong> 2 heures h\u00e9bdomadaires, pour ceux qui veulent\u00a0maintenir un contact continu avec\u00a0l\u2019italien \u00e0\u00a0la fin du niveau C1.<\/p>\n<p style=\"text-align: justify;\"><strong>Cours d&rsquo;approfondissement de la grammaire:<\/strong> 2 heures h\u00e9bdomadaires pour ceux qui, pass\u00e9s les niveaux A2 et B2, sentent la n\u00e9cessit\u00e9 de consolider les aspects grammaticaux de la langue.<\/p>\n<p style=\"text-align: justify;\"><strong>Cours d&rsquo;italien &#8211;\u00a0Langages sectoriels:<\/strong> 2 heures h\u00e9bdomadaires (il est\u00a0n\u00e9cessaire d&rsquo;avoir complet\u00e9 le niveau A1 du cours de langue de base).<\/p>\n<p style=\"text-align: justify;\"><strong>Cours particuliers : <\/strong>Les cours particuliers peuvent se d\u00e9rouler dans les locaux de l\u2019Institut, au domicile de l\u2019\u00e9tudiant ou \u00e0 distance. Ils sont disponibles en format individuel (un \u00e0 un) ou en petit groupe (un \u00e0 deux). Tous les enseignants sont qualifi\u00e9s et poss\u00e8dent des ann\u00e9es d\u2019exp\u00e9rience dans l\u2019enseignement de la langue italienne.<\/p>\n<p style=\"text-align: justify;\"><strong>Cours en ligne : <\/strong>L\u2019Institut de Culture propose \u00e9galement des cours en ligne, utilisant des technologies de pointe pour rendre chaque session stimulante et int\u00e9ressante. Pour tous les niveaux.<\/p>\n<p style=\"text-align: justify;\">Consultez le\u00a0<a href=\"https:\/\/iicbeirut.esteri.it\/fr\/lingua-e-cultura\/i-corsi-di-lingua\/calendrier-des-cours\/\" target=\"_self\" rel=\"noopener\">Calendrier<\/a> des cours organis\u00e9 par l\u2019Institut Culturel Italien\u00a0au Liban.<\/p>\n<p style=\"text-align: justify;\"><strong>NOS COURS DE LANGUE ITALIENNE:<\/strong><\/p>\n<p style=\"text-align: justify;\"><a href=\"fr\/imparare_italiano\/i_corsi_di_lingua\/calendario\/\"><strong>Istituto Italiano di Cultura &#8211; si\u00e8ge de Hamra<\/strong><\/a><br \/>\nRome Street, 209 Ras Beirut Building<br \/>\nHamra, Beirut<br \/>\nTe!: +961 (0)1 749801\/2<br \/>\nWhatsApp: +961 76 462 130<br \/>\nE-mail: <a href=\"mailto:iicbeirut.corsi@esteri.it\">iicbeirut.corsi@esteri.it<\/a><br \/>\nWeb: <a href=\"https:\/\/iicbeirut.esteri.it\">https:\/\/iicbeirut.esteri.it<\/a><br \/>\nFacebook:\u00a0<a href=\"https:\/\/www.facebook.com\/IICLibano\/\">https:\/\/www.facebook.com\/IICLibano\/<\/a><br \/>\nInstagram: iiclibano<\/p>\n<p>&nbsp;<\/p>\n<p style=\"text-align: justify;\"><iframe loading=\"lazy\" style=\"border: 0px initial currentcolor;\" src=\"https:\/\/www.google.com\/maps\/embed?pb=!1m18!1m12!1m3!1d13247.96883446921!2d35.49990083994637!3d33.889854502716545!2m3!1f0!2f0!3f0!3m2!1i1024!2i768!4f13.1!3m3!1m2!1s0x0%3A0xb8211d4b645fae72!2sInstituto+di+Cultura+Italiano!5e0!3m2!1sit!2suk!4v1490198515101\" width=\"600\" height=\"450\" frameborder=\"0\" allowfullscreen=\"allowfullscreen\"><\/iframe><\/p>\n","protected":false},"excerpt":{"rendered":"L\u2019Institut Culturel Italien\u00a0propose des cours de langue et de culture italiennes de diff\u00e9rents niveaux en harmonie avec le Cadre\u00a0Commun Europ\u00e9en de R\u00e9f\u00e9rence pour les Langues du niveau A1 au niveau C1 (pour de plus amples informations sur la subdivision des niveaux\u00a0consultez www.iicbeirut.esteri.it, \u00ab\u00a0Les cours de langue). Les niveaux du Cadre Europ\u00e9en de R\u00e9f\u00e9rence se subdivisent [&hellip;]","protected":false},"author":1,"featured_media":0,"parent":110,"menu_order":0,"comment_status":"closed","ping_status":"closed","template":"","meta":{"footnotes":""},"class_list":["post-112","page","type-page","status-publish","hentry"],"_links":{"self":[{"href":"https:\/\/iicbeirut.esteri.it\/fr\/wp-json\/wp\/v2\/pages\/112","targetHints":{"allow":["GET"]}}],"collection":[{"href":"https:\/\/iicbeirut.esteri.it\/fr\/wp-json\/wp\/v2\/pages"}],"about":[{"href":"https:\/\/iicbeirut.esteri.it\/fr\/wp-json\/wp\/v2\/types\/page"}],"author":[{"embeddable":true,"href":"https:\/\/iicbeirut.esteri.it\/fr\/wp-json\/wp\/v2\/users\/1"}],"replies":[{"embeddable":true,"href":"https:\/\/iicbeirut.esteri.it\/fr\/wp-json\/wp\/v2\/comments?post=112"}],"version-history":[{"count":6,"href":"https:\/\/iicbeirut.esteri.it\/fr\/wp-json\/wp\/v2\/pages\/112\/revisions"}],"predecessor-version":[{"id":9967,"href":"https:\/\/iicbeirut.esteri.it\/fr\/wp-json\/wp\/v2\/pages\/112\/revisions\/9967"}],"up":[{"embeddable":true,"href":"https:\/\/iicbeirut.esteri.it\/fr\/wp-json\/wp\/v2\/pages\/110"}],"wp:attachment":[{"href":"https:\/\/iicbeirut.esteri.it\/fr\/wp-json\/wp\/v2\/media?parent=112"}],"curies":[{"name":"wp","href":"https:\/\/api.w.org\/{rel}","templated":true}]}}