{"id":110,"date":"2023-04-03T20:30:34","date_gmt":"2023-04-03T17:30:34","guid":{"rendered":"https:\/\/iicbeirut.esteri.it\/lingua-e-cultura\/"},"modified":"2024-08-20T16:50:44","modified_gmt":"2024-08-20T13:50:44","slug":"lingua-e-cultura","status":"publish","type":"page","link":"https:\/\/iicbeirut.esteri.it\/fr\/lingua-e-cultura\/","title":{"rendered":"Langue et culture"},"content":{"rendered":"<p>Chaque ann\u00e9e, plus de deux millions de personnes suivent des cours d&rsquo;italien en dehors de l&rsquo;Italie, dans de nombreux pays du monde (environ 113 pays selon les derni\u00e8res estimations). Ce chiffre est probablement beaucoup plus \u00e9lev\u00e9, car cette statistique prend en compte les contextes d&rsquo;apprentissage institutionnels, ceux qui b\u00e9n\u00e9ficient d&rsquo;une plus grande visibilit\u00e9 et d&rsquo;une plus grande facilit\u00e9 d&rsquo;acc\u00e8s, mais pas les contextes du secteur priv\u00e9. L&rsquo;italien, 21<sup>\u00e8me<\/sup> langue la plus parl\u00e9e au monde, devient ainsi la 4<sup>\u00e8me<\/sup> langue la plus \u00e9tudi\u00e9e au monde, et est per\u00e7ue \u00e0 juste titre comme la langue de r\u00e9f\u00e9rence pour les amateurs d&rsquo;art &#8211; y compris d&rsquo;art culinaire -, de musique, d&rsquo;architecture, de mode et m\u00eame, de plus en plus, de science.<\/p>\n<p><strong>Qu&rsquo;est-ce qui motive l&rsquo;\u00e9tude de la langue italienne ? <\/strong><\/p>\n<p>L&rsquo;italien est une langue de culture : la conna\u00eetre signifie avoir acc\u00e8s \u00e0 un patrimoine artistique et litt\u00e9raire d&rsquo;une importance fondamentale pour l&rsquo;histoire de l&rsquo;Europe, \u00e0 des textes humanistes et scientifiques de grande valeur, au th\u00e9\u00e2tre, \u00e0 la musique, \u00e0 l&rsquo;op\u00e9ra, \u00e0 la production cin\u00e9matographique et t\u00e9l\u00e9vis\u00e9e italiens.<\/p>\n<p>L&rsquo;italien est une langue d&rsquo;\u00e9tude : un grand nombre d&rsquo;\u00e9tudiants &#8211; en augmentation constante &#8211; d\u00e9cident chaque ann\u00e9e de fr\u00e9quenter nos \u00c9coles, nos Universit\u00e9s, nos Acad\u00e9mies, nos Biblioth\u00e8ques et tous les p\u00f4les d&rsquo;excellence qui font de l&rsquo;Italie un lieu de connaissance renomm\u00e9. En outre, en connaissant l&rsquo;italien, les \u00e9tudiants peuvent b\u00e9n\u00e9ficier de l&rsquo;offre \u00e9ducative du pays dans son ensemble, sans se limiter aux seules universit\u00e9s qui proposent des cours en anglais.<\/p>\n<p>L&rsquo;italien est une langue de travail : chaque ann\u00e9e, des milliers d&rsquo;entrepreneurs, de gestionnaires, d&rsquo;investisseurs, de professionnels de tous horizons, d&rsquo;ouvriers et d&rsquo;artisans entrent en contact avec le monde de l&rsquo;industrie, de l&rsquo;artisanat et des services, ainsi qu&rsquo;avec la recherche (m\u00e9dicale, pharmaceutique, a\u00e9rospatiale, technologies de pointe et autres) qui s&rsquo;\u00e9tends bien au-del\u00e0 des fronti\u00e8res de notre pays. Parler leur langue fera de la visite de notre pays et de son peuple accueillant un v\u00e9ritable plaisir, au milieu des villes d&rsquo;art et des merveilles de la nature.<\/p>\n<p><strong>Pourquoi choisir l&rsquo;Institut Culturel Italien de Beyrouth pour \u00e9tudier l&rsquo;italien ?<\/strong><\/p>\n<p>L&rsquo;Institut organise ses cours d&rsquo;italien de mani\u00e8re \u00e0 amener les \u00e9tudiants \u00e0 d\u00e9velopper et \u00e0 am\u00e9liorer leurs comp\u00e9tences dans les quatre domaines (parler, \u00e9couter, \u00e9crire et lire), \u00e0 travers des activit\u00e9s et des exercices con\u00e7us pour utiliser l&rsquo;italien d\u00e8s la premi\u00e8re le\u00e7on. La m\u00e9thodologie adopte l&rsquo;approche communicative, dans le but de fournir aux \u00e9tudiants les outils et les comp\u00e9tences n\u00e9cessaires pour pouvoir communiquer dans des contextes r\u00e9els.<\/p>\n<p>Les \u00e9tudiants choisissent d&rsquo;\u00e9tudier l&rsquo;italien \u00e0 l&rsquo;Institut Culturel Italien de Beyrouth pour les raisons suivantes :<\/p>\n<ul>\n<li>L&rsquo;IIC est l&rsquo;organisme institutionnel de l&rsquo;\u00c9tat italien charg\u00e9 de la promotion de la langue et de la culture italiennes ;<\/li>\n<li>Les cours de langue italienne propos\u00e9s par l&rsquo;Institut sont structur\u00e9s selon les six niveaux de comp\u00e9tence d\u00e9finis dans le Cadre Europ\u00e9en Commun de R\u00e9f\u00e9rence pour les langues (CECR) ;<\/li>\n<li>En plus des cours en pr\u00e9sentiel, l&rsquo;IIC propose \u00e9galement des cours en ligne sur l&rsquo;ensemble du territoire libanais ;<\/li>\n<li>Les cours sont dispens\u00e9s en petits groupes par des enseignants professionnellement qualifi\u00e9s ;<\/li>\n<li>Les \u00e9tudiants peuvent b\u00e9n\u00e9ficier de diverses bourses offertes par des institutions italiennes priv\u00e9es pour suivre des cours d&rsquo;italien de courte dur\u00e9e en Italie (si disponibles) ;<\/li>\n<li>Les \u00e9tudiants peuvent emprunter et consulter gratuitement le mat\u00e9riel de la m\u00e9diath\u00e8que et de la biblioth\u00e8que de l&rsquo;Institut ;<\/li>\n<li>Les \u00e9tudiants sont en contact avec un environnement dynamique et culturellement stimulant et re\u00e7oivent des informations et des invitations concernant les nombreux \u00e9v\u00e9nements culturels organis\u00e9s par l&rsquo;Institut ;<\/li>\n<li>L&rsquo;Institut est un centre d&rsquo;examen CILS &#8211; Certification d&rsquo;Italien comme Langue Etrang\u00e8re, d\u00e9livr\u00e9e par l&rsquo;Universit\u00e9 pour Etrangers de Sienne et reconnue au niveau international.<\/li>\n<\/ul>\n<p>Consultez la page <strong><a href=\"https:\/\/iicbeirut.esteri.it\/fr\/lingua-e-cultura\/i-corsi-di-lingua\/\">Cours de langue<\/a><\/strong> pour plus d&rsquo;informations sur les cours offerts par l&rsquo;IIC, et la page <a href=\"https:\/\/iicbeirut.esteri.it\/fr\/lingua-e-cultura\/i-corsi-di-lingua\/calendrier-des-cours\/\"><strong>Calendrier des Cours<\/strong><\/a> pour conna\u00eetre les dates de d\u00e9but des cours activ\u00e9s.<\/p>\n","protected":false},"excerpt":{"rendered":"Chaque ann\u00e9e, plus de deux millions de personnes suivent des cours d&rsquo;italien en dehors de l&rsquo;Italie, dans de nombreux pays du monde (environ 113 pays selon les derni\u00e8res estimations). Ce chiffre est probablement beaucoup plus \u00e9lev\u00e9, car cette statistique prend en compte les contextes d&rsquo;apprentissage institutionnels, ceux qui b\u00e9n\u00e9ficient d&rsquo;une plus grande visibilit\u00e9 et d&rsquo;une [&hellip;]","protected":false},"author":1,"featured_media":0,"parent":0,"menu_order":4,"comment_status":"closed","ping_status":"closed","template":"","meta":{"footnotes":""},"class_list":["post-110","page","type-page","status-publish","hentry"],"_links":{"self":[{"href":"https:\/\/iicbeirut.esteri.it\/fr\/wp-json\/wp\/v2\/pages\/110","targetHints":{"allow":["GET"]}}],"collection":[{"href":"https:\/\/iicbeirut.esteri.it\/fr\/wp-json\/wp\/v2\/pages"}],"about":[{"href":"https:\/\/iicbeirut.esteri.it\/fr\/wp-json\/wp\/v2\/types\/page"}],"author":[{"embeddable":true,"href":"https:\/\/iicbeirut.esteri.it\/fr\/wp-json\/wp\/v2\/users\/1"}],"replies":[{"embeddable":true,"href":"https:\/\/iicbeirut.esteri.it\/fr\/wp-json\/wp\/v2\/comments?post=110"}],"version-history":[{"count":5,"href":"https:\/\/iicbeirut.esteri.it\/fr\/wp-json\/wp\/v2\/pages\/110\/revisions"}],"predecessor-version":[{"id":7314,"href":"https:\/\/iicbeirut.esteri.it\/fr\/wp-json\/wp\/v2\/pages\/110\/revisions\/7314"}],"wp:attachment":[{"href":"https:\/\/iicbeirut.esteri.it\/fr\/wp-json\/wp\/v2\/media?parent=110"}],"curies":[{"name":"wp","href":"https:\/\/api.w.org\/{rel}","templated":true}]}}