{"id":108,"date":"2023-04-03T20:55:21","date_gmt":"2023-04-03T17:55:21","guid":{"rendered":"https:\/\/iicbeirut.esteri.it\/chi-siamo\/contatti\/"},"modified":"2025-01-15T13:57:10","modified_gmt":"2025-01-15T11:57:10","slug":"contatti","status":"publish","type":"page","link":"https:\/\/iicbeirut.esteri.it\/fr\/chi-siamo\/contatti\/","title":{"rendered":"Contacts"},"content":{"rendered":"<p><strong><span class=\"titoloRosso\">Institut Culturel Italien \u00ab\u00a0Martino Mario Moreno\u00a0\u00bb au Liban<\/span><\/strong><br \/>\nRue du Palais Pr\u00e9sidentiel<br \/>\n2902 2633 Baabda<br \/>\nP.O.Box 40-274, 5523 Baabda<br \/>\nTel: +961 5 959630\/1\/2<br \/>\nTel: +951 5 959634<br \/>\nE-mail: <a href=\"mailto:iicbeirut@estri.it\">iicbeirut@esteri.it<\/a><br \/>\nPEC: <a href=\"mailto:iic.beirut@cert.esteri.it\">iic.beirut@cert.esteri.it<\/a><br \/>\nSite web: <a href=\"http:\/\/www.iicbeirut.esteri.it\">http:\/\/www.iicbeirut.esteri.it<\/a><\/p>\n<p><em><strong>Horaire d\u2019ouverture au public:<\/strong><\/em><br \/>\nDu lundi au vendredi de 10h00 \u00e0 13h00<\/p>\n<p>&nbsp;<\/p>\n<p>\u2022 <strong>Succursale de Hamra<\/strong><br \/>\nRue de Rome, Immobili\u00e8re 209 Ras Beyrouth<br \/>\n1107 2150 Beyrouth, Liban<br \/>\nTel: 01 749801\/2\/3<br \/>\nFax:01 749804<\/p>\n<p><em><strong>Horaire d\u2019ouverture au public:<\/strong><\/em><br \/>\nDu lundi au vendredi de 13h00 \u00e0 21h00<\/p>\n<p><em><strong>Biblioth\u00e8que et vid\u00e9oth\u00e8que:<\/strong><\/em><br \/>\n(Temporairement en phase de r\u00e9amenagement. Consultation sur RDV)<\/p>\n","protected":false},"excerpt":{"rendered":"Institut Culturel Italien \u00ab\u00a0Martino Mario Moreno\u00a0\u00bb au Liban Rue du Palais Pr\u00e9sidentiel 2902 2633 Baabda P.O.Box 40-274, 5523 Baabda Tel: +961 5 959630\/1\/2 Tel: +951 5 959634 E-mail: iicbeirut@esteri.it PEC: iic.beirut@cert.esteri.it Site web: http:\/\/www.iicbeirut.esteri.it Horaire d\u2019ouverture au public: Du lundi au vendredi de 10h00 \u00e0 13h00 &nbsp; \u2022 Succursale de Hamra Rue de Rome, Immobili\u00e8re [&hellip;]","protected":false},"author":1,"featured_media":0,"parent":102,"menu_order":4,"comment_status":"closed","ping_status":"closed","template":"","meta":{"footnotes":""},"class_list":["post-108","page","type-page","status-publish","hentry"],"_links":{"self":[{"href":"https:\/\/iicbeirut.esteri.it\/fr\/wp-json\/wp\/v2\/pages\/108","targetHints":{"allow":["GET"]}}],"collection":[{"href":"https:\/\/iicbeirut.esteri.it\/fr\/wp-json\/wp\/v2\/pages"}],"about":[{"href":"https:\/\/iicbeirut.esteri.it\/fr\/wp-json\/wp\/v2\/types\/page"}],"author":[{"embeddable":true,"href":"https:\/\/iicbeirut.esteri.it\/fr\/wp-json\/wp\/v2\/users\/1"}],"replies":[{"embeddable":true,"href":"https:\/\/iicbeirut.esteri.it\/fr\/wp-json\/wp\/v2\/comments?post=108"}],"version-history":[{"count":5,"href":"https:\/\/iicbeirut.esteri.it\/fr\/wp-json\/wp\/v2\/pages\/108\/revisions"}],"predecessor-version":[{"id":8615,"href":"https:\/\/iicbeirut.esteri.it\/fr\/wp-json\/wp\/v2\/pages\/108\/revisions\/8615"}],"up":[{"embeddable":true,"href":"https:\/\/iicbeirut.esteri.it\/fr\/wp-json\/wp\/v2\/pages\/102"}],"wp:attachment":[{"href":"https:\/\/iicbeirut.esteri.it\/fr\/wp-json\/wp\/v2\/media?parent=108"}],"curies":[{"name":"wp","href":"https:\/\/api.w.org\/{rel}","templated":true}]}}