{"id":106,"date":"2023-04-03T20:55:02","date_gmt":"2023-04-03T17:55:02","guid":{"rendered":"https:\/\/iicbeirut.esteri.it\/chi-siamo\/la-sede\/"},"modified":"2026-04-08T10:03:27","modified_gmt":"2026-04-08T07:03:27","slug":"la-sede","status":"publish","type":"page","link":"https:\/\/iicbeirut.esteri.it\/fr\/chi-siamo\/la-sede\/","title":{"rendered":"Quartier g\u00e9n\u00e9ral"},"content":{"rendered":"<p style=\"text-align: justify;\">Les bureaux administratifs et la Direction se trouvent aupr\u00e8s de la Chancellerie de l&rsquo;Ambassade d&rsquo;Italie \u00e0 Baabda, pr\u00e8s du Palais Pr\u00e9sidentiel.<\/p>\n<p style=\"text-align: justify;\"><img loading=\"lazy\" decoding=\"async\" class=\" wp-image-537 img-fluid\" src=\"https:\/\/iicbeirut.esteri.it\/wp-content\/uploads\/2023\/11\/ambasciata_italia_in_libano-300x181-1.jpg\" alt=\"\" width=\"517\" height=\"312\" \/><\/p>\n<p style=\"text-align: justify;\">L&rsquo;Institut a \u00e9galement une succursale dans le quartier de Hamra, o\u00f9 ont lieu les cours de langue italienne et o\u00f9 se trouve la biblioth\u00e8que de l&rsquo;Institut.<\/p>\n","protected":false},"excerpt":{"rendered":"Les bureaux administratifs et la Direction se trouvent aupr\u00e8s de la Chancellerie de l&rsquo;Ambassade d&rsquo;Italie \u00e0 Baabda, pr\u00e8s du Palais Pr\u00e9sidentiel. L&rsquo;Institut a \u00e9galement une succursale dans le quartier de Hamra, o\u00f9 ont lieu les cours de langue italienne et o\u00f9 se trouve la biblioth\u00e8que de l&rsquo;Institut.","protected":false},"author":1,"featured_media":0,"parent":102,"menu_order":2,"comment_status":"closed","ping_status":"closed","template":"","meta":{"footnotes":""},"class_list":["post-106","page","type-page","status-publish","hentry"],"_links":{"self":[{"href":"https:\/\/iicbeirut.esteri.it\/fr\/wp-json\/wp\/v2\/pages\/106","targetHints":{"allow":["GET"]}}],"collection":[{"href":"https:\/\/iicbeirut.esteri.it\/fr\/wp-json\/wp\/v2\/pages"}],"about":[{"href":"https:\/\/iicbeirut.esteri.it\/fr\/wp-json\/wp\/v2\/types\/page"}],"author":[{"embeddable":true,"href":"https:\/\/iicbeirut.esteri.it\/fr\/wp-json\/wp\/v2\/users\/1"}],"replies":[{"embeddable":true,"href":"https:\/\/iicbeirut.esteri.it\/fr\/wp-json\/wp\/v2\/comments?post=106"}],"version-history":[{"count":6,"href":"https:\/\/iicbeirut.esteri.it\/fr\/wp-json\/wp\/v2\/pages\/106\/revisions"}],"predecessor-version":[{"id":13222,"href":"https:\/\/iicbeirut.esteri.it\/fr\/wp-json\/wp\/v2\/pages\/106\/revisions\/13222"}],"up":[{"embeddable":true,"href":"https:\/\/iicbeirut.esteri.it\/fr\/wp-json\/wp\/v2\/pages\/102"}],"wp:attachment":[{"href":"https:\/\/iicbeirut.esteri.it\/fr\/wp-json\/wp\/v2\/media?parent=106"}],"curies":[{"name":"wp","href":"https:\/\/api.w.org\/{rel}","templated":true}]}}